{"id":3,"date":"2023-10-30T13:33:23","date_gmt":"2023-10-30T13:33:23","guid":{"rendered":"http:\/\/ns.roznorodnosc.pl\/?page_id=3"},"modified":"2025-03-20T11:11:33","modified_gmt":"2025-03-20T11:11:33","slug":"privacy-policy","status":"publish","type":"page","link":"https:\/\/roznorodnosc.pl\/?page_id=3","title":{"rendered":"Polityka prywatno\u015bci"},"content":{"rendered":"<div class=\"wpb-content-wrapper\"><p>[vc_row][vc_column][vc_column_text]<\/p>\n<p>MY COMPANY MEDIA Sp. z o.o. dok\u0142ada wszelkich stara\u0144, by\u015b czu\u0142 si\u0119 pewnie i bezpiecznie zar\u00f3wno podczas odwiedzania strony \u201eMy Company Polska\u201d (w dalszej cz\u0119\u015bci \u201ePortal\u201d), jak i podczas wszelkich innych czynno\u015bci dotycz\u0105cych oferowanych poprzez Portal jak r\u00f3wnie\u017c inne dedykowane landing page&#8217;ach us\u0142ug lub serwis\u00f3w (w dalszej cz\u0119\u015bci \u201eUs\u0142ugi\u201d \u201eSerwisy\u201d). Rozumiemy i szanujemy to, \u017ce cenisz swoje prawo do prywatno\u015bci i robimy wszystko, by zapewni\u0107 ci pe\u0142en komfort i poczucie bezpiecze\u0144stwa.<\/p>\n\n<p>MY COMPANY MEDIA Sp. z o.o. powa\u017cnie traktuje ochron\u0119 Twoich danych osobowych i post\u0119puje \u015bci\u015ble z zasadami ich ochrony. Poni\u017csze zasady polityki prywatno\u015bci daj\u0105 Ci mo\u017cliwo\u015b\u0107 poznania gwarantowanej przez nas ochrony oraz wskazuj\u0105 cele w jakich mog\u0105 by\u0107 przetwarzane Twoje dane osobowe.&gt;<\/p>\n\n<p><strong>Kto jest administratorem Twoich danych osobowych?<\/strong><\/p>\n\n<p>Administratorem, czyli podmiotem decyduj\u0105cym o tym, jak b\u0119d\u0105 wykorzystywane Twoje dane osobowe, jest MY COMPANY MEDIA sp\u00f3\u0142ka z ograniczon\u0105 odpowiedzialno\u015bci\u0105 z siedzib\u0105 w Warszawie (02-677 Warszawa, ul. Wynalazek 4) (dalej: \u201eMy\u201d, \u201eMY COMPANY MEDIA\u201d), prowadz\u0105cym serwis pod adresem roznorodnosc.pl jak r\u00f3wnie\u017c landing page&#8217;ach za po\u015brednictwem, kt\u00f3rych mo\u017cna zam\u00f3wi\u0107 Us\u0142ug\u0119.<\/p>\n\n<p><strong><br \/>Jak si\u0119 z nami skontaktowa\u0107, \u017ceby uzyska\u0107 wi\u0119cej informacji o przetwarzaniu Twoich danych osobowych?<\/strong><\/p>\n\n<p>Wszelkie informacje odno\u015bnie realizacji przys\u0142uguj\u0105cych Ci uprawnie\u0144 uzyskasz kontaktuj\u0105c si\u0119 z naszym Biurem Obs\u0142ugi Klienta poprzez:<\/p>\n\n\n<ul class=\"wp-block-list\">\n<li style=\"list-style-type: none;\">\n<ul><\/p>\n<li>za po\u015brednictwem adresu email:\u00a0<a href=\"mailto:bok@tarsago.pl\">bok@mycompanypolska.pl<\/a><\/li>\n\n\n<li>telefonicznie: +48 22\u00a0133 53 50 (Biuro Obs\u0142ugi Klienta jest czynne od poniedzia\u0142ku do pi\u0105tku w godz. 9:00-17:00).<\/li>\n<\/ul>\n<\/li>\n<\/ul>\n\n\n<p>W razie pyta\u0144 mo\u017cesz r\u00f3wnie\u017c skontaktowa\u0107 si\u0119 z Naszym Inspektorem Ochrony Danych:\u00a0<a href=\"mailto:dpo@mycompanypolska.pl\">dpo@mycompanypolska.pl<\/a><\/p>\n\n<p><strong>Jaki jest cel i podstawa prawna przetwarzania Twoich danych osobowych przez MY COMPANY MEDIA?<\/strong><\/p>\n\n<p>Twoje dane osobowe mo\u017cemy wykorzystywa\u0107 w nast\u0119puj\u0105cych celach:<\/p>\n\n\n<ul class=\"wp-block-list\">\n<li style=\"list-style-type: none;\">\n<ul><\/p>\n<li>zawarcia i wykonania \u0142\u0105cz\u0105cej nas umowy (m. in. do realizacji zam\u00f3wienia, kt\u00f3rego u Nas dokona\u0142e\u015b, rozliczenia tego zam\u00f3wienia, zapewnienia poprawnej jako\u015bci us\u0142ug), (podstawa prawna: art. 6 ust. 1 b) Rozporz\u0105dzenia Parlamentu Europejskiego i Rady (UE) 2016\/679 z dnia 27 kwietnia 2016 r; ten akt prawny b\u0119dziemy nazywa\u0107 \u201eRODO\u201d, podstaw\u0119 t\u0119 b\u0119dziemy nazywa\u0107 w skr\u00f3cie \u201ewykonaniem umowy\u201d);<\/li>\n\n\n<li>umo\u017cliwienia \u015bwiadczenia us\u0142ug, w tym \u015bwiadczonych drog\u0105 elektroniczn\u0105 (zak\u0142adania i zarz\u0105dzania Twoim kontem lub kontami, oraz zapewnienia obs\u0142ugi Twojego konta, transakcji i rozwi\u0105zywania problem\u00f3w technicznych) oraz pe\u0142nego korzystania z roznorodnosc.pl, w tym dokonywania transakcji przy zakupie prenumerat magazynu My Company Polska (podstawa prawna: wykonanie umowy);<\/li>\n\n\n<li>zawarcia i wykonania \u0142\u0105cz\u0105cej nas umowy w zwi\u0105zku z prenumerat\u0105 magazynu My Company Polska, w tym zam\u00f3wienie prenumeraty cyfrowej i papierowej My Company Polska, rozliczenia tego zam\u00f3wienia, zapewnienia poprawnej jako\u015bci us\u0142ug (podstawa prawna: wykonanie umowy);<\/li>\n\n\n<li>marketingu bezpo\u015bredniego \u2013 a) w sytuacji gdy istnieje istotne i odpowiednie powi\u0105zanie mi\u0119dzy Tob\u0105 a MY COMPANY MEDIA, tj. np. zam\u00f3wi\u0142e\u015b od Nas produkt lub b) gdy rozs\u0105dnie mo\u017cesz oczekiwa\u0107 przetwarzania Twoich danych w tym celu np. pe\u0142nisz funkcj\u0119 w organie reprezentuj\u0105cym osoby prawnej w tym r\u00f3wnie\u017c prokur\u0119 a MY COMPANY MEDIA kieruje ofert\u0119 marketingow\u0105, kt\u00f3rej adresatem jest osoba prawna. W takim przypadku b\u0119dziemy przetwarza\u0107 dane w celu marketingu Naszych produkt\u00f3w i us\u0142ug (podstawa prawna: 6 ust. 1 f) RODO; podstaw\u0119 t\u0119 b\u0119dziemy nazywa\u0107 \u201enaszym prawnie uzasadnionym interesem\u201d),<br \/>&#8211; w sytuacji gdy nie istnieje istotne i odpowiednie powi\u0105zanie mi\u0119dzy Tob\u0105 a MY COMPANY MEDIA, marketing bezpo\u015bredni naszych produkt\u00f3w i us\u0142ug b\u0119dziemy kierowa\u0107 tylko w przypadku wyra\u017cenia przez Ciebie zgody (podstawa prawna: art. 6 ust. 1 a) RODO, podstaw\u0119 t\u0119 b\u0119dziemy nazywa\u0107 w skr\u00f3cie zgod\u0105).<br \/>&#8211; w sytuacji gdy marketing bezpo\u015bredni b\u0119dzie dotyczy\u0107 produkt\u00f3w i us\u0142ug podmiot\u00f3w trzecich (nie Naszych), to b\u0119dziemy kierowa\u0107 go do Ciebie tylko w przypadku wyra\u017cenia przez Ciebie zgody (podstawa prawna: zgoda);<\/li>\n\n\n<li>prowadzenia korespondencji z Klientami, w szczeg\u00f3lno\u015bci udzielania odpowiedzi na wiadomo\u015bci i zapytania Klient\u00f3w i potencjalnych Klient\u00f3w, np. kierowanych do Nas poprzez formularz kontaktowy na stronie lub za po\u015brednictwem naszych portali spo\u0142eczno\u015bciowych prowadzonych na kana\u0142ach: Facebook, Instagram, Twitter, Youtube (podstawa prawna: nasz prawnie uzasadniony interes);<\/li>\n\n\n<li>organizacji i prowadzenia konferencji, za po\u015brednictwem strony konferencje.mycompanypolska.pl zbierane s\u0105 dane osobowe os\u00f3b zapisuj\u0105cych si\u0119 na szkolenie lub konferencje (podstawa prawna: umowa, nasz prawnie uzasadniony interes);<\/li>\n\n\n<li>do cel\u00f3w udzia\u0142u w loteriach promocyjnych \u2013 Twoje dane osobowe b\u0119d\u0105 w tym przypadku przetwarzane na podstawie udzielonej przez Ciebie zgody (podstawa prawna: zgoda);<\/li>\n\n\n<li>w celach lepszego dostosowania oferty dla klienta (podstawa prawna: nasz prawnie uzasadniony interes);<\/li>\n\n\n<li>wykonania ci\u0105\u017c\u0105cych na nas obowi\u0105zkach prawnych, np.: a) wystawiania i przechowywania faktur oraz dokument\u00f3w ksi\u0119gowych, b) udzielanie odpowiedzi na reklamacje w terminie i formie przewidzianej przepisami, c) zwi\u0105zanych z prowadzeniem i rozliczeniem loterii (podstawa prawna: art. 6 ust. 1 c) RODO przetwarzanie jest niezb\u0119dne do wype\u0142nienia obowi\u0105zku prawnego ci\u0105\u017c\u0105cego na administratorze, podstaw\u0119 t\u0119 b\u0119dziemy nazywa\u0107 \u201ewype\u0142nienieniem obowi\u0105zku prawnego&#8221;), d) celu odnotowania sprzeciwu tj. art. 6 ust. 1 lit. c) w zwi\u0105zku z art. 21 ust. 3 RODO.<\/li>\n\n\n<li>tworzenia zestawie\u0144, analiz i statystyk na nasze potrzeby wewn\u0119trzne; obejmuje to w szczeg\u00f3lno\u015bci raportowanie, badania marketingowe, planowanie rozwoju us\u0142ug lub sieci, prace rozwojowe w systemach informatycznych, tworzenie modeli statystycznych (np. dotycz\u0105cych ochrony przychod\u00f3w) \u2013 przez czas trwania umowy, a nast\u0119pnie nie d\u0142u\u017cej ni\u017c przez okres, po kt\u00f3rym przedawni\u0105 si\u0119 roszczenia wynikaj\u0105ce z umowy (podstawa prawna: nasz prawnie uzasadniony interes);<\/li>\n\n\n<li>analitycznym i statystycznym, w zwi\u0105zku z zapisywaniem danych w plikach cookies, gromadzenia danych ze stron www i aplikacji mobilnych. W tym tworzenia statystyk, odwiedzin witryny, monitorowania witryny, aby umo\u017cliwi\u0107 pe\u0142ne korzystanie ze strony oraz jej optymalizacj\u0119 obejmuj\u0105cej np. wyszukiwanie s\u0142\u00f3w kluczowych. W tym celu przetwarza\u0107 b\u0119dziemy takie dane jak adres IP, dat\u0119 i czas serwera, informacja o przegl\u0105darce internetowej i systemie operacyjnym z jakiego korzystasz (podstawa prawna: zgoda);<\/li>\n\n\n<li>w celu dopasowania reklam zgodnie z uprzednio przegl\u0105danymi przez Ciebie tre\u015bciami na stronie, dostosowywania us\u0142ug podmiot\u00f3w zewn\u0119trznych na podstawie Twojej aktywno\u015bci na roznorodnosc.pl (podstawa prawna: nasz prawnie uzasadniony interes);<\/li>\n\n\n<li>ustalenia, obrony i dochodzenia roszcze\u0144, co obejmuje m.in. sprzeda\u017c naszych wierzytelno\u015bci z umowy innemu podmiotowi \u2013 przez okres, po kt\u00f3rym przedawni\u0105 si\u0119 roszczenia wynikaj\u0105ce z umowy (podstawa prawna: nasz prawnie uzasadniony interes).<\/li>\n<\/ul>\n<\/li>\n<\/ul>\n\n\n\n<p class=\"has-medium-font-size\">Je\u017celi podstaw\u0105 prawn\u0105 przetwarzania jest zgoda na przetwarzanie danych osobowych, to pami\u0119taj, \u017ce mo\u017cesz wycofa\u0107 j\u0105 w dowolnym momencie w ten sam spos\u00f3b jak j\u0105 wyrazi\u0142e\u015b.<\/p>\n\n\n<p class=\"has-medium-font-size\"><strong>Jak d\u0142ugo przechowujemy Twoje dane osobowe?<\/strong><\/p>\n\n\n<p class=\"has-medium-font-size\">Przechowujemy Twoje dane osobowe przez czas obowi\u0105zywania umowy zawartej z Tob\u0105, a tak\u017ce po jej zako\u0144czeniu w celach: dochodzenia roszcze\u0144 w zwi\u0105zku z wykonywaniem umowy, wykonania obowi\u0105zk\u00f3w wynikaj\u0105cych z przepis\u00f3w prawa, w tym w szczeg\u00f3lno\u015bci podatkowych i rachunkowych, statystycznych i archiwizacyjnych,<\/p>\n\n\n<p class=\"has-medium-font-size\">Maksymalnie przez okres 10 lat od dnia zako\u0144czenia wykonania umowy.<\/p>\n\n\n<p class=\"has-medium-font-size\">Twoje dane osobowe b\u0119d\u0105 przechowywane i przetwarzane przez okres wymagany przepisami prawa (m.in. prawa cywilnego i podatkowego oraz ustawy o grach hazardowych) oraz niezb\u0119dny do realizacji celu ich przetwarzania, czyli np. umo\u017cliwienia wzi\u0119cia udzia\u0142u w organizowanych przez nas loteriach lub obs\u0142ugi zam\u00f3wienia.<\/p>\n\n\n<p class=\"has-medium-font-size\">W przypadku przetwarzania Twoich danych dla cel\u00f3w marketingowych przez okres istnienia istotnego i odpowiedniego powi\u0105zania mi\u0119dzy Tob\u0105 a nami, w przypadku o kt\u00f3rym mowa w pkt. 4 b) powy\u017cej przez okres pe\u0142nienia przez Ciebie funkcji w organie reprezentuj\u0105cym osoby prawnej w tym sprawowanej przez Ciebie prokury lub do momentu wniesienia przez Ciebie sprzeciwu wobec takiego przetwarzania, w zale\u017cno\u015bci od tego, kt\u00f3re z tych zdarze\u0144 wyst\u0105pi wcze\u015bniej. W razie sprzeciwu b\u0119d\u0105 one jednak przez Nas przechowywane aby uniemo\u017cliwi\u0107 ich wykorzystanie w przypadku pozyskania danych z innych \u017ar\u00f3de\u0142.<\/p>\n\n\n<p class=\"has-medium-font-size\">W przypadku wyra\u017cenia zgody do momentu wycofania zgody.<\/p>\n\n\n<p class=\"has-medium-font-size\">W odniesieniu do us\u0142ug strony internetowej www.mycompanypolska.pl Twoje dane b\u0119d\u0105 przetwarzane przez okres, w kt\u00f3rym us\u0142ugi te b\u0119d\u0105 \u015bwiadczone oraz, czasami, po zako\u0144czeniu ich \u015bwiadczenia, jednak wy\u0142\u0105cznie je\u017celi jest dozwolone lub wymagane w \u015bwietle obowi\u0105zuj\u0105cego prawa np. przetwarzanie w celach statystycznych, rozliczeniowych lub w celu dochodzenia roszcze\u0144. W takim przypadku dane b\u0119d\u0105 przetwarzane jedynie przez okres niezb\u0119dny do realizacji tego typu cel\u00f3w.<\/p>\n\n\n<p class=\"has-medium-font-size\"><strong>Czy musisz poda\u0107 nam swoje dane?<\/strong><\/p>\n\n\n<p class=\"has-medium-font-size\">Podanie danych jest dobrowolne lecz w przypadku odmowy niemo\u017cliwe b\u0119dzie \u015bwiadczenie us\u0142ug lub udzia\u0142 w loteriach.<\/p>\n\n\n<p class=\"has-medium-font-size\"><strong>Czy przetwarzamy Twoje dane osobowe automatycznie (w tym poprzez profilowanie) w spos\u00f3b wp\u0142ywaj\u0105cy na Twoje prawa?<\/strong><\/p>\n\n\n<p class=\"has-medium-font-size\">W przypadku loterii zautomatyzowane podejmowanie decyzji b\u0119dzie mia\u0142o miejsce w przypadku losowania nagr\u00f3d i jest niezb\u0119dne do przeprowadzenia sprawiedliwego i obiektywnie niezale\u017cnego procesu wy\u0142onienia zwyci\u0119zc\u00f3w.<\/p>\n\n\n<p class=\"has-medium-font-size\">W pozosta\u0142ych przypadkach Twoje dane osobowe b\u0119d\u0105 przetwarzane w spos\u00f3b zautomatyzowany (w tym w formie profilowania), jednak\u017ce nie b\u0119dzie to wywo\u0142ywa\u0107 wobec Ciebie \u017cadnych skutk\u00f3w prawnych lub w podobny spos\u00f3b istotnie wp\u0142ywa\u0107 na Twoj\u0105 sytuacj\u0119. Profilowanie danych osobowych przez MY COMPANY MEDIA polega na przetwarzaniu Twoich danych, poprzez wykorzystywanie ich do oceny niekt\u00f3rych informacji o Tobie, w szczeg\u00f3lno\u015bci do analizy lub prognozy osobistych preferencji oraz zainteresowa\u0144 w celu lepszego dopasowania dla Ciebie oferty.<\/p>\n\n\n<p class=\"has-medium-font-size\"><strong>Do jakich odbiorc\u00f3w przekazywane b\u0119d\u0105 Twoje dane osobowe?<\/strong><\/p>\n\n\n<p class=\"has-medium-font-size\">Twoje dane mo\u017cemy przekaza\u0107:<\/p>\n\n\n<ul class=\"wp-block-list\">\n<li style=\"list-style-type: none;\">\n<ul><\/p>\n<li>podmiotom przetwarzaj\u0105cym dane w naszym imieniu, uczestnicz\u0105cym w wykonywaniu naszych czynno\u015bci:<br \/>a) obs\u0142uguj\u0105cym nasze systemy teleinformatyczne lub udost\u0119pniaj\u0105cym nam narz\u0119dzia teleinformatyczne, dostawcom system\u00f3w informatycznych oraz us\u0142ug IT;<br \/>b) podmiotom zapewniaj\u0105cym nam wsparcie w wykonywaniu us\u0142ug, np. wysy\u0142ek mailingowych, obs\u0142udze korespondencji, sp\u00f3\u0142kom z grupy MY COMPANY MEDIA Media Group, w procesie obs\u0142ugi Klienta, drukowania materia\u0142\u00f3w, archwizacj\u0119;<br \/>c) podmiotom \u015bwiadcz\u0105cym Nam us\u0142ugi doradcze, konsultacyjne, audytowe, pomoc prawn\u0105, podatkow\u0105, rachunkow\u0105, agencjom badawczym dzia\u0142aj\u0105cym na nasze zlecenie;<\/li>\n\n\n<li>innym administratorom danych przetwarzaj\u0105cym dane we w\u0142asnym imieniu:<br \/>a) podmiotom prowadz\u0105cym dzia\u0142alno\u015b\u0107 pocztow\u0105 lub kuriersk\u0105;<br \/>b) podmiotom prowadz\u0105cym dzia\u0142alno\u015b\u0107 p\u0142atnicz\u0105 (banki, instytucje p\u0142atnicze);<br \/>c) podmiotom wsp\u00f3\u0142pracuj\u0105cym z Nami przy obs\u0142udze spraw ksi\u0119gowych, podatkowych, prawnych \u2013 w zakresie, w jakim stan\u0105 si\u0119 administratorem danych;<br \/>d) organom uprawnionym do otrzymania Twoich danych osobowych na podstawie przepis\u00f3w prawa.<\/li>\n<\/ul>\n<\/li>\n<\/ul>\n\n\n\n<p class=\"has-medium-font-size\"><strong>Jakie s\u0105 Twoje prawa zwi\u0105zane z przetwarzaniem danych osobowych?<br \/><\/strong><br \/>Przys\u0142uguj\u0105 Ci nast\u0119puj\u0105ce prawa w zwi\u0105zku z przetwarzaniem przez Nas Twoich danych osobowych:<\/p>\n\n\n<ul class=\"wp-block-list\">\n<li style=\"list-style-type: none;\">\n<ul><\/p>\n<li>prawo dost\u0119pu do Twoich danych, w tym uzyskania kopii danych,<\/li>\n\n\n<li>prawo do sprostowania danych,<\/li>\n\n\n<li>prawo do usuni\u0119cia danych (w okre\u015blonych sytuacjach),<\/li>\n\n\n<li>prawo do ograniczenia przetwarzania danych,<\/li>\n\n\n<li>prawo do przenoszenia danych,<\/li>\n\n\n<li>prawo do wniesienia sprzeciwu wobec przetwarzania Twoich danych osobowych,<\/li>\n\n\n<li>prawo wniesienia skargi do organu nadzorczego zajmuj\u0105cego si\u0119 ochron\u0105 danych osobowych,\u00a0<br \/>kt\u00f3rym jest Prezes Urz\u0119du Ochrony Danych Osobowych.<\/li>\n<\/ul>\n<\/li>\n<\/ul>\n\n\n<p>Z uprawnie\u0144 tych mo\u017cesz skorzysta\u0107, gdy:<\/p>\n\n\n<ul class=\"wp-block-list\">\n<li style=\"list-style-type: none;\">\n<ul><\/p>\n<li>w odniesieniu do \u017c\u0105dania sprostowania danych: zauwa\u017cysz, \u017ce Twoje dane s\u0105 nieprawid\u0142owe lub niekompletne;<\/li>\n\n\n<li>w odniesieniu do \u017c\u0105dania usuni\u0119cia danych: Twoje dane nie b\u0119d\u0105 ju\u017c niezb\u0119dne do cel\u00f3w, dla kt\u00f3rych zosta\u0142y zebrane przez Sp\u00f3\u0142k\u0119; cofniesz swoj\u0105 zgod\u0119 na przetwarzanie danych; zg\u0142osisz sprzeciw wobec przetwarzania Twoich danych; Twoje dane b\u0119d\u0105 przetwarzane niezgodnie z prawem; dane powinny by\u0107 usuni\u0119te w celu wywi\u0105zania si\u0119 z obowi\u0105zku wynikaj\u0105cego z przepisu prawa lub dane zosta\u0142y zebrane w zwi\u0105zku ze \u015bwiadczeniem us\u0142ug drog\u0105 elektroniczn\u0105 oferowanych dziecku;<\/li>\n\n\n<li>w odniesieniu do \u017c\u0105dania ograniczenia przetwarzania danych: zauwa\u017cysz, \u017ce Twoje dane s\u0105 nieprawid\u0142owe \u2013 mo\u017cesz \u017c\u0105da\u0107 ograniczenia przetwarzania Twoich danych na okres pozwalaj\u0105cy nam sprawdzi\u0107 prawid\u0142owo\u015b\u0107 tych danych; Twoje dane b\u0119d\u0105 przetwarzane niezgodnie z prawem, ale nie b\u0119dziesz chcia\u0142\/a, aby zosta\u0142y usuni\u0119te; Twoje dane nie b\u0119d\u0105 nam ju\u017c potrzebne, ale mog\u0105 by\u0107 potrzebne Tobie do obrony lub dochodzenia roszcze\u0144; lub wniesiesz sprzeciw wobec przetwarzania danych \u2013 do czasu ustalenia, czy prawnie uzasadnione podstawy po naszej stronie s\u0105 nadrz\u0119dne wobec podstawy sprzeciwu;<\/li>\n\n\n<li>w odniesieniu do \u017c\u0105dania przeniesienia danych: przetwarzanie Twoich danych odbywa si\u0119 na podstawie Twojej zgody lub umowy zawartej z Tob\u0105 oraz, gdy przetwarzanie to odbywa si\u0119 w spos\u00f3b automatyczny.<\/li>\n<\/ul>\n<\/li>\n<\/ul>\n\n\n\n<p class=\"has-medium-font-size\">Je\u017celi Twoje dane s\u0105 przetwarzane na podstawie zgody mo\u017cesz skorzysta\u0107 z prawa do wycofania zgody w zakresie w jakim s\u0105 przetwarzane na tej podstawie. Wycofanie zgody nie ma wp\u0142ywu na zgodno\u015b\u0107 z prawem przetwarzania, kt\u00f3rego dokonano na podstawie zgody przed jej wycofaniem.<\/p>\n\n\n<p class=\"has-medium-font-size\">W celu skorzystania z powy\u017cszych praw nale\u017cy skontaktowa\u0107 si\u0119 z administratorem (poprzez Biuro Obs\u0142ugi Klienta) lub z Inspektorem Ochrony Danych, kt\u00f3rego funkcj\u0119 pe\u0142ni Jan Tyski.<\/p>\n\n\n<p class=\"has-medium-font-size\">Czy b\u0119dziemy przekazywa\u0107 dane poza Europejski Obszar Gospodarczy?<\/p>\n\n\n<p class=\"has-medium-font-size\">MY COMPANY MEDIA nie b\u0119dzie przekazywa\u0142o Twoich danych osobowych do pa\u0144stw trzecich.<\/p>\n<p><strong><br \/>Zmiany w Polityce prywatno\u015bci<\/strong><\/p>\n\n\n<p class=\"has-medium-font-size\">MY COMPANY MEDIA\u00a0Polska\u00a0sp.\u00a0z\u00a0o.o. zastrzega sobie prawo do wprowadzania zmian w niniejszej Polityce prywatno\u015bci.<\/p>\n\n\n<p class=\"has-medium-font-size\">Regulamin \u015bwiadczenia us\u0142ug w portalu\u00a0<a href=\"http:\/\/www.mycompanypolska.pl\/\">www.mycompanypolska.pl<\/a>, a tak\u017ce na landing page&#8217;ach Administratora za po\u015brednictwem, kt\u00f3rych mo\u017cna zam\u00f3wi\u0107 Us\u0142ug\u0119.\u00a0<\/p>\n\n\n<p class=\"has-medium-font-size\"><strong>Cookies<\/strong><\/p>\n\n\n<p class=\"has-medium-font-size\">Niekt\u00f3re obszary serwis\u00f3w nale\u017c\u0105cych do MY COMPANY MEDIA mog\u0105 wykorzystywa\u0107 cookies, czyli ma\u0142e pliki tekstowe wysy\u0142ane do komputera internauty identyfikuj\u0105ce go w spos\u00f3b potrzebny do uproszczenia lub umorzenia danej operacji. Cookies s\u0105 nieszkodliwe zar\u00f3wno dla komputera, jak i dla jego u\u017cytkownika oraz jego danych. Warunkiem dzia\u0142ania cookies jest ich akceptacja przez przegl\u0105dark\u0119 i nieusuwanie ich z dysku.<\/p>\n\n<p>&nbsp;<\/p>\n<p>[\/vc_column_text][\/vc_column][\/vc_row]<\/p>\n<\/div>","protected":false},"excerpt":{"rendered":"<p>[vc_row][vc_column][vc_column_text] MY COMPANY MEDIA Sp. z o.o. dok\u0142ada wszelkich stara\u0144, by\u015b czu\u0142 si\u0119 pewnie i bezpiecznie zar\u00f3wno podczas odwiedzania strony \u201eMy Company Polska\u201d (w dalszej cz\u0119\u015bci \u201ePortal\u201d), jak i podczas wszelkich innych czynno\u015bci dotycz\u0105cych oferowanych poprzez Portal jak r\u00f3wnie\u017c inne&#8230;<\/p>\n","protected":false},"author":1,"featured_media":0,"parent":0,"menu_order":0,"comment_status":"closed","ping_status":"closed","template":"","meta":{"footnotes":""},"class_list":["post-3","page","type-page","status-publish","hentry"],"_links":{"self":[{"href":"https:\/\/roznorodnosc.pl\/index.php?rest_route=\/wp\/v2\/pages\/3","targetHints":{"allow":["GET"]}}],"collection":[{"href":"https:\/\/roznorodnosc.pl\/index.php?rest_route=\/wp\/v2\/pages"}],"about":[{"href":"https:\/\/roznorodnosc.pl\/index.php?rest_route=\/wp\/v2\/types\/page"}],"author":[{"embeddable":true,"href":"https:\/\/roznorodnosc.pl\/index.php?rest_route=\/wp\/v2\/users\/1"}],"replies":[{"embeddable":true,"href":"https:\/\/roznorodnosc.pl\/index.php?rest_route=%2Fwp%2Fv2%2Fcomments&post=3"}],"version-history":[{"count":5,"href":"https:\/\/roznorodnosc.pl\/index.php?rest_route=\/wp\/v2\/pages\/3\/revisions"}],"predecessor-version":[{"id":4740,"href":"https:\/\/roznorodnosc.pl\/index.php?rest_route=\/wp\/v2\/pages\/3\/revisions\/4740"}],"wp:attachment":[{"href":"https:\/\/roznorodnosc.pl\/index.php?rest_route=%2Fwp%2Fv2%2Fmedia&parent=3"}],"curies":[{"name":"wp","href":"https:\/\/api.w.org\/{rel}","templated":true}]}}