{"id":4124,"date":"2023-12-10T22:04:14","date_gmt":"2023-12-10T22:04:14","guid":{"rendered":"http:\/\/ns.roznorodnosc.pl\/?page_id=4124"},"modified":"2024-02-02T12:21:24","modified_gmt":"2024-02-02T12:21:24","slug":"laureaci-2023","status":"publish","type":"page","link":"https:\/\/roznorodnosc.pl\/?page_id=4124","title":{"rendered":"Laureaci 2023"},"content":{"rendered":"<div class=\"wpb-content-wrapper\"><p>[vc_row full_width=&#8221;stretch_row_content_no_spaces&#8221; full_height=&#8221;yes&#8221; css=&#8221;.vc_custom_1702246808060{margin-top: -35px !important;background-color: #7c7c7c !important;}&#8221;][vc_column]<div class=\"gt-countdown-slider gt-style-1\" style=\"height:100vh;\"><div class=\"swiper-container gt-swiper-slider\" data-gt-item=\"1\" data-gt-item-space=\"0\" data-gt-loop=\"true\" data-gt-speed=\"1000\" data-gt-direction=\"horizontal\" data-gt-effect=\"fade\" data-gt-centered-slides=\"false\" data-gt-free-mode=\"false\"><div class=\"swiper-wrapper\"><div class=\"swiper-slide\" data-swiper-autoplay=\"1500\"><div class=\"gt-image\" style=\"background-image:url(https:\/\/roznorodnosc.pl\/wp-content\/uploads\/2023\/12\/tlo-nagrody-roznorodnosc-puste-1280x639-1.jpg);\"><div class=\"gt-opacity\" style=\"opacity: 0.4; background-color: #000000;\"><\/div><\/div><\/div><\/div><div class=\"swiper-pagination gt-slider-pagination\"><\/div><\/div><div class=\"gt-slider-content\"><div class=\"gt-title\"><div class=\"gt-background-text\">.<\/div><div class=\"gt-title-inner\"><span class=\"gt-primary\">POLSKIE NAGRODY R\u00d3\u017bNORODNO\u015aCI<\/span><span class=\"gt-secondary\">Polish Diversity Awards 2023<\/span><\/div><\/div><div class=\"gt-text\">To jedyne w Polsce wyr\u00f3\u017cnienia dla firm, organizacji i os\u00f3b, kt\u00f3re w swojej dzia\u0142alno\u015bci promuj\u0105 r\u00f3\u017cnorodno\u015b\u0107, r\u00f3wno\u015b\u0107 i inkluzywno\u015b\u0107 zar\u00f3wno wewn\u0105trz organizacji, jak i w otoczeniu biznesowym.<\/div><div class=\"gt-buttons\"><a href=\"#laureaci\" target=\"_parent\"><span>Poznaj Laureat\u00f3w 2023<\/span><\/a><\/div><\/div><\/div>[\/vc_column][\/vc_row][vc_row el_id=&#8221;laureaci&#8221; css=&#8221;.vc_custom_1702246689996{margin-top: -30px !important;}&#8221;][vc_column css=&#8221;.vc_custom_1702164226005{border-radius: 5px !important;}&#8221;][vc_empty_space][vc_empty_space]<div class=\"gt-heading gt-white gt-size1 gt-align-center\"><div class=\"gt-title\">Nagrodzeni<\/div><\/div><div class=\"gt-heading gt-white gt-size1 gt-align-center\"><div class=\"gt-title\"><span>Polskie Nagrody R\u00f3\u017cnorodno\u015bci<\/span><\/div><\/div><div class=\"gt-heading gt-white gt-size1 gt-align-center\"><div class=\"gt-title\">Polish Diversity Awards 2023<\/div><\/div>[vc_empty_space][vc_empty_space][\/vc_column][\/vc_row][vc_row css=&#8221;.vc_custom_1702165160991{border-top-width: 2px !important;border-right-width: 2px !important;border-bottom-width: 2px !important;border-left-width: 2px !important;border-left-style: ridge !important;border-right-style: ridge !important;border-top-style: ridge !important;border-bottom-style: ridge !important;border-radius: 5px !important;}&#8221;][vc_column width=&#8221;5\/6&#8243; css=&#8221;.vc_custom_1702165131593{border-radius: 5px !important;}&#8221;][vc_column_text css=&#8221;.vc_custom_1702247947833{padding-bottom: px !important;}&#8221;]<strong><span style=\"color: #0693e3;\">KATEGORIA:<\/span> <span style=\"color: #ffffff;\">WIEK<\/span><\/strong>[\/vc_column_text][vc_column_text]<strong><span style=\"color: #0693e3;\">ZWYCI\u0118ZCA: <\/span><span style=\"color: #ffffff;\">KANCELARIA PRAWNA DWF POLAND<\/span><\/strong>[\/vc_column_text][vc_separator][vc_column_text]<\/p>\n<p style=\"font-weight: 400;\">Zwyci\u0119zca wybrany spo\u015br\u00f3d 5 nominowanych firm wyr\u00f3\u017cniaj\u0105cych si\u0119 dzia\u0142aniami na rzecz polityki senioralnej, \u201esilver economy\u201d oraz dialogu mi\u0119dzypokoleniowego w miejscu pracy.<\/p>\n<p>[\/vc_column_text][\/vc_column][vc_column width=&#8221;1\/6&#8243; offset=&#8221;vc_hidden-md vc_hidden-sm vc_hidden-xs&#8221;][vc_empty_space][vc_single_image image=&#8221;3748&#8243;][vc_empty_space][vc_empty_space][\/vc_column][\/vc_row][vc_row][vc_column][vc_empty_space height=&#8221;5px&#8221;][\/vc_column][\/vc_row][vc_row css=&#8221;.vc_custom_1702165160991{border-top-width: 2px !important;border-right-width: 2px !important;border-bottom-width: 2px !important;border-left-width: 2px !important;border-left-style: ridge !important;border-right-style: ridge !important;border-top-style: ridge !important;border-bottom-style: ridge !important;border-radius: 5px !important;}&#8221;][vc_column width=&#8221;5\/6&#8243; css=&#8221;.vc_custom_1702165131593{border-radius: 5px !important;}&#8221;][vc_column_text css=&#8221;.vc_custom_1702248111528{padding-bottom: px !important;}&#8221;]<strong><span style=\"color: #0693e3;\">KATEGORIA: <\/span><span style=\"color: #ffffff;\">NIEPE\u0141NOSPRAWNO\u015a\u0106<\/span><\/strong>[\/vc_column_text][vc_column_text]<strong><span style=\"color: #0693e3;\">ZWYCI\u0118ZCA: <\/span><span style=\"color: #ffffff;\">KLUBOKAWIARNIA PO\u017bYTECZNA<\/span><\/strong>[\/vc_column_text][vc_separator][vc_column_text]<\/p>\n<p style=\"font-weight: 400;\">Zwyci\u0119zca wybrany spo\u015br\u00f3d 5 nominowanych firm wyr\u00f3\u017cniaj\u0105cych si\u0119 dzia\u0142aniami na rzecz w\u0142\u0105czenia na rynek pracy os\u00f3b z niepe\u0142nosprawno\u015bciami, a tak\u017ce integracji takich os\u00f3b w spo\u0142ecze\u0144stwie.<\/p>\n<p>[\/vc_column_text][\/vc_column][vc_column width=&#8221;1\/6&#8243; offset=&#8221;vc_hidden-md vc_hidden-sm vc_hidden-xs&#8221;][vc_empty_space][vc_single_image image=&#8221;3748&#8243;][vc_empty_space][\/vc_column][\/vc_row][vc_row][vc_column][vc_empty_space height=&#8221;5px&#8221;][\/vc_column][\/vc_row][vc_row css=&#8221;.vc_custom_1702165160991{border-top-width: 2px !important;border-right-width: 2px !important;border-bottom-width: 2px !important;border-left-width: 2px !important;border-left-style: ridge !important;border-right-style: ridge !important;border-top-style: ridge !important;border-bottom-style: ridge !important;border-radius: 5px !important;}&#8221;][vc_column width=&#8221;5\/6&#8243; css=&#8221;.vc_custom_1702165131593{border-radius: 5px !important;}&#8221;][vc_column_text css=&#8221;.vc_custom_1702248182313{padding-bottom: px !important;}&#8221;]<strong><span style=\"color: #0693e3;\">KATEGORIA: <\/span><span style=\"color: #ffffff;\">P\u0141E\u0106<\/span><\/strong>[\/vc_column_text][vc_column_text]<strong><span style=\"color: #0693e3;\">ZWYCI\u0118ZCA: <\/span><span style=\"color: #ffffff;\">FUTURE COLLARS<\/span><\/strong>[\/vc_column_text][vc_separator][vc_column_text]<\/p>\n<p style=\"font-weight: 400;\">Zwyci\u0119zca wybrany spo\u015br\u00f3d 5 nominowanych firm wyr\u00f3\u017cniaj\u0105cych si\u0119 dzia\u0142aniami na rzecz r\u00f3wnania praw kobiet i m\u0119\u017cczyzn zar\u00f3wno w biznesie, jak i spo\u0142ecze\u0144stwie.<\/p>\n<p>[\/vc_column_text][\/vc_column][vc_column width=&#8221;1\/6&#8243; offset=&#8221;vc_hidden-md vc_hidden-sm vc_hidden-xs&#8221;][vc_empty_space][vc_single_image image=&#8221;3748&#8243;][vc_empty_space][\/vc_column][\/vc_row][vc_row][vc_column][vc_empty_space height=&#8221;5px&#8221;][\/vc_column][\/vc_row][vc_row css=&#8221;.vc_custom_1702165160991{border-top-width: 2px !important;border-right-width: 2px !important;border-bottom-width: 2px !important;border-left-width: 2px !important;border-left-style: ridge !important;border-right-style: ridge !important;border-top-style: ridge !important;border-bottom-style: ridge !important;border-radius: 5px !important;}&#8221;][vc_column width=&#8221;5\/6&#8243; css=&#8221;.vc_custom_1702165131593{border-radius: 5px !important;}&#8221;][vc_column_text css=&#8221;.vc_custom_1702248254298{padding-bottom: px !important;}&#8221;]<strong><span style=\"color: #0693e3;\">KATEGORIA: <\/span><span style=\"color: #ffffff;\">LGBT+<\/span><\/strong>[\/vc_column_text][vc_column_text]<strong><span style=\"color: #0693e3;\">ZWYCI\u0118ZCA: <\/span><span style=\"color: #ffffff;\">STATE STREET PRIDE &amp; FRIENDS<\/span><\/strong>[\/vc_column_text][vc_separator][vc_column_text]<\/p>\n<p style=\"font-weight: 400;\">Zwyci\u0119zca wybrany spo\u015br\u00f3d 5 nominowanych firm wyr\u00f3\u017cniaj\u0105cych si\u0119 dzia\u0142aniami na rzecz stworzenia miejsca pracy przyjaznego osobom LGBT+, a tak\u017ce takiej zmiany spo\u0142ecznej, kt\u00f3ra d\u0105\u017cy do poprawy po\u0142o\u017cenia os\u00f3b nieheteronormatywnych w spo\u0142ecze\u0144stwie.<\/p>\n<p>[\/vc_column_text][\/vc_column][vc_column width=&#8221;1\/6&#8243; offset=&#8221;vc_hidden-md vc_hidden-sm vc_hidden-xs&#8221;][vc_empty_space][vc_single_image image=&#8221;3748&#8243;][vc_empty_space][\/vc_column][\/vc_row][vc_row][vc_column][vc_empty_space height=&#8221;5px&#8221;][\/vc_column][\/vc_row][vc_row css=&#8221;.vc_custom_1702165160991{border-top-width: 2px !important;border-right-width: 2px !important;border-bottom-width: 2px !important;border-left-width: 2px !important;border-left-style: ridge !important;border-right-style: ridge !important;border-top-style: ridge !important;border-bottom-style: ridge !important;border-radius: 5px !important;}&#8221;][vc_column width=&#8221;5\/6&#8243; css=&#8221;.vc_custom_1702165131593{border-radius: 5px !important;}&#8221;][vc_column_text css=&#8221;.vc_custom_1702248345670{padding-bottom: px !important;}&#8221;]<strong><span style=\"color: #0693e3;\">KATEGORIA: <\/span><span style=\"color: #ffffff;\">DIALOG MI\u0118DZYKULTUROWY<\/span><\/strong>[\/vc_column_text][vc_column_text]<strong><span style=\"color: #0693e3;\">ZWYCI\u0118ZCA: <\/span><span style=\"color: #ffffff;\">ORPEA<\/span><\/strong>[\/vc_column_text][vc_separator][vc_column_text]<\/p>\n<p style=\"font-weight: 400;\">Zwyci\u0119zca wybrany spo\u015br\u00f3d 5 nominowanych firm wyr\u00f3\u017cniaj\u0105cych si\u0119 dzia\u0142aniami na rzecz integracji pracownik\u00f3w innych kultur i narodowo\u015bci, a tak\u017ce poprawy po\u0142o\u017cenia mniejszo\u015bci kulturowych, etnicznych i wyznaniowych w spo\u0142ecze\u0144stwie.<\/p>\n<p>[\/vc_column_text][\/vc_column][vc_column width=&#8221;1\/6&#8243; offset=&#8221;vc_hidden-md vc_hidden-sm vc_hidden-xs&#8221;][vc_empty_space][vc_single_image image=&#8221;3748&#8243;][vc_empty_space][\/vc_column][\/vc_row][vc_row][vc_column][vc_empty_space height=&#8221;5px&#8221;][\/vc_column][\/vc_row][vc_row][vc_column css=&#8221;.vc_custom_1704823593821{border-radius: 5px !important;}&#8221;]<div class=\"gt-heading gt-white gt-size1 gt-align-center\"><div class=\"gt-title\">Nagrody specjalne<\/div><\/div>[vc_empty_space][vc_empty_space][\/vc_column][\/vc_row][vc_row css=&#8221;.vc_custom_1702236721696{border-top-width: 2px !important;border-right-width: 2px !important;border-bottom-width: 2px !important;border-left-width: 2px !important;border-radius: 5px !important;}&#8221;][vc_column width=&#8221;1\/4&#8243; css=&#8221;.vc_custom_1704823483575{border-top-width: 2px !important;border-right-width: 2px !important;border-bottom-width: 2px !important;border-left-width: 2px !important;border-left-style: ridge !important;border-right-style: ridge !important;border-top-style: ridge !important;border-bottom-style: ridge !important;border-radius: 5px !important;}&#8221; offset=&#8221;vc_hidden-md vc_hidden-sm vc_hidden-xs&#8221;]<div class=\"gt-heading gt-white gt-size2 gt-align-left\"><div class=\"gt-title\"><span>Menad\u017cer(ka) R\u00f3\u017cnorodno\u015bci<\/span><\/div><\/div><div class=\"gt-heading gt-dark gt-size2 gt-align-left\"><div class=\"gt-title\">ZWYCI\u0118ZCA: Ma\u0142gorzata Petru<\/div><\/div>[vc_separator][vc_column_text]Dla menad\u017cera\/rki, kt\u00f3ry\/a wyr\u00f3\u017cnia si\u0119 oryginalnymi dzia\u0142aniami na rzecz promowania r\u00f3\u017cnorodno\u015bci w swojej organizacji.[\/vc_column_text][vc_empty_space][vc_empty_space][vc_empty_space][vc_empty_space][vc_empty_space height=&#8221;33px&#8221;][\/vc_column][vc_column width=&#8221;1\/4&#8243; css=&#8221;.vc_custom_1704823493311{border-top-width: 2px !important;border-right-width: 2px !important;border-bottom-width: 2px !important;border-left-width: 2px !important;border-left-style: groove !important;border-right-style: groove !important;border-top-style: groove !important;border-bottom-style: groove !important;border-radius: 5px !important;}&#8221; offset=&#8221;vc_hidden-md vc_hidden-sm vc_hidden-xs&#8221;]<div class=\"gt-heading gt-white gt-size2 gt-align-left\"><div class=\"gt-title\"><span>Przedsi\u0119biorstwo R\u00f3\u017cnorodno\u015bci<\/span><\/div><\/div><div class=\"gt-heading gt-dark gt-size2 gt-align-left\"><div class=\"gt-title\">ZWYCI\u0118ZCA: ING Bank \u015al\u0105ski<\/div><\/div>[vc_empty_space height=&#8221;24px&#8221;][vc_separator][vc_column_text]Dla firmy, kt\u00f3ra dzia\u0142a na rzecz r\u00f3\u017cnorodno\u015bci, zar\u00f3wno w swojej organizacji, jak i spo\u0142ecze\u0144stwie.[\/vc_column_text][vc_empty_space][vc_empty_space][vc_empty_space][vc_empty_space][vc_empty_space][\/vc_column][vc_column width=&#8221;1\/4&#8243; css=&#8221;.vc_custom_1704823500356{border-top-width: 2px !important;border-right-width: 2px !important;border-bottom-width: 2px !important;border-left-width: 2px !important;border-left-style: ridge !important;border-right-style: ridge !important;border-top-style: ridge !important;border-bottom-style: ridge !important;}&#8221; offset=&#8221;vc_hidden-md vc_hidden-sm vc_hidden-xs&#8221;]<div class=\"gt-heading gt-white gt-size2 gt-align-left\"><div class=\"gt-title\"><span>Ambasador(ka) R\u00f3\u017cnorodno\u015bci<\/span><\/div><\/div><div class=\"gt-heading gt-dark gt-size2 gt-align-left\"><div class=\"gt-title\">ZWYCI\u0118ZCA: DJ Wika, Agata Roczniak, Rafa\u0142 Dembe<\/div><\/div>[vc_separator][vc_column_text]<\/p>\n<p style=\"font-weight: 400;\">Dla osobisto\u015bci \u017cycia publicznego (np. aktor\/ka, artysta\/ka, dziennikarz\/rka), kt\u00f3rego dzia\u0142ania publiczne przyczyniaj\u0105 si\u0119 do promowania r\u00f3\u017cnorodno\u015bci w spo\u0142ecze\u0144stwie.<\/p>\n<p>[\/vc_column_text][vc_empty_space height=&#8221;33px&#8221;][vc_empty_space height=&#8221;33px&#8221;][vc_empty_space height=&#8221;35px&#8221;][\/vc_column][vc_column width=&#8221;1\/4&#8243; css=&#8221;.vc_custom_1704823508692{border-top-width: 2px !important;border-right-width: 2px !important;border-bottom-width: 2px !important;border-left-width: 2px !important;border-left-style: ridge !important;border-right-style: ridge !important;border-top-style: ridge !important;border-bottom-style: ridge !important;border-radius: 5px !important;}&#8221; offset=&#8221;vc_hidden-md vc_hidden-sm vc_hidden-xs&#8221;]<div class=\"gt-heading gt-white gt-size2 gt-align-left\"><div class=\"gt-title\"><span>Inicjatywa spo\u0142eczna<\/span><\/div><\/div><div class=\"gt-heading gt-dark gt-size2 gt-align-left\"><div class=\"gt-title\">ZWYCI\u0118ZCA: Marianna Wartecka<\/div><\/div>[vc_empty_space height=&#8221;24px&#8221;][vc_separator][vc_column_text]<\/p>\n<p style=\"font-weight: 400;\">Dla organizacji pozarz\u0105dowej, osoby prywatnej lub grupy nieformalnej, kt\u00f3rej inicjatywa lub akcja spo\u0142eczna przyczyni\u0142a si\u0119 w danym roku do promowania r\u00f3\u017cnorodno\u015bci w spo\u0142ecze\u0144stwie.<\/p>\n<p>[\/vc_column_text][vc_empty_space height=&#8221;39px&#8221;][\/vc_column][\/vc_row][vc_row css=&#8221;.vc_custom_1702236721696{border-top-width: 2px !important;border-right-width: 2px !important;border-bottom-width: 2px !important;border-left-width: 2px !important;border-radius: 5px !important;}&#8221;][vc_column width=&#8221;1\/4&#8243; css=&#8221;.vc_custom_1704823370801{border-top-width: 2px !important;border-right-width: 2px !important;border-bottom-width: 2px !important;border-left-width: 2px !important;border-left-style: ridge !important;border-right-style: ridge !important;border-top-style: ridge !important;border-bottom-style: ridge !important;border-radius: 5px !important;}&#8221; offset=&#8221;vc_hidden-lg&#8221;]<div class=\"gt-heading gt-white gt-size2 gt-align-left\"><div class=\"gt-title\"><span>Menad\u017cer(ka) R\u00f3\u017cnorodno\u015bci<\/span><\/div><\/div><div class=\"gt-heading gt-dark gt-size2 gt-align-left\"><div class=\"gt-title\">ZWYCI\u0118ZCA: Ma\u0142gorzata Petru<\/div><\/div>[vc_separator][vc_column_text]<\/p>\n<p style=\"font-weight: 400;\">Dla mened\u017cera\/rki, kt\u00f3ry\/a wyr\u00f3\u017cnia si\u0119 oryginalnymi dzia\u0142aniami na rzecz promowania r\u00f3\u017cnorodno\u015bci w swojej organizacji.<\/p>\n<p>[\/vc_column_text][\/vc_column][vc_column width=&#8221;1\/4&#8243; css=&#8221;.vc_custom_1704823378837{border-top-width: 2px !important;border-right-width: 2px !important;border-bottom-width: 2px !important;border-left-width: 2px !important;border-left-style: groove !important;border-right-style: groove !important;border-top-style: groove !important;border-bottom-style: groove !important;border-radius: 5px !important;}&#8221; offset=&#8221;vc_hidden-lg&#8221;]<div class=\"gt-heading gt-white gt-size2 gt-align-left\"><div class=\"gt-title\"><span>Przedsi\u0119biorstwo R\u00f3\u017cnorodno\u015bci<\/span><\/div><\/div><div class=\"gt-heading gt-dark gt-size2 gt-align-left\"><div class=\"gt-title\">ZWYCI\u0118ZCA: ING Bank \u015al\u0105ski<\/div><\/div>[vc_empty_space height=&#8221;24px&#8221;][vc_separator][vc_column_text]<\/p>\n<p style=\"font-weight: 400;\">Dla firmy, kt\u00f3ra dzia\u0142a na rzecz r\u00f3\u017cnorodno\u015bci, zar\u00f3wno w swojej organizacji, jak i spo\u0142ecze\u0144stwie.<\/p>\n<p>[\/vc_column_text][\/vc_column][vc_column width=&#8221;1\/4&#8243; css=&#8221;.vc_custom_1704823387842{border-top-width: 2px !important;border-right-width: 2px !important;border-bottom-width: 2px !important;border-left-width: 2px !important;border-left-style: ridge !important;border-right-style: ridge !important;border-top-style: ridge !important;border-bottom-style: ridge !important;}&#8221; offset=&#8221;vc_hidden-lg&#8221;]<div class=\"gt-heading gt-white gt-size2 gt-align-left\"><div class=\"gt-title\"><span>Ambasador(ka) R\u00f3\u017cnorodno\u015bci<\/span><\/div><\/div><div class=\"gt-heading gt-dark gt-size2 gt-align-left\"><div class=\"gt-title\">ZWYCI\u0118ZCA: DJ Wika, Agata Roczniak, Rafa\u0142 Dembe<\/div><\/div>[vc_separator][vc_column_text]<\/p>\n<p style=\"font-weight: 400;\">Dla osobisto\u015bci \u017cycia publicznego (np. aktor\/ka, artysta\/ka, dziennikarz\/rka), kt\u00f3rego dzia\u0142ania publiczne przyczyniaj\u0105 si\u0119 do promowania r\u00f3\u017cnorodno\u015bci w spo\u0142ecze\u0144stwie.<\/p>\n<p>[\/vc_column_text][\/vc_column][vc_column width=&#8221;1\/4&#8243; css=&#8221;.vc_custom_1704823393729{border-top-width: 2px !important;border-right-width: 2px !important;border-bottom-width: 2px !important;border-left-width: 2px !important;border-left-style: ridge !important;border-right-style: ridge !important;border-top-style: ridge !important;border-bottom-style: ridge !important;border-radius: 5px !important;}&#8221; offset=&#8221;vc_hidden-lg&#8221;]<div class=\"gt-heading gt-white gt-size2 gt-align-left\"><div class=\"gt-title\"><span>Inicjatywa spo\u0142eczna<\/span><\/div><\/div><div class=\"gt-heading gt-dark gt-size2 gt-align-left\"><div class=\"gt-title\">ZWYCI\u0118ZCA: Marianna Wartecka<\/div><\/div>[vc_empty_space height=&#8221;24px&#8221;][vc_separator][vc_column_text]<\/p>\n<p style=\"font-weight: 400;\">Dla organizacji pozarz\u0105dowej, osoby prywatnej lub grupy nieformalnej, kt\u00f3rej inicjatywa lub akcja spo\u0142eczna przyczyni\u0142a si\u0119 w danym roku do promowania r\u00f3\u017cnorodno\u015bci w spo\u0142ecze\u0144stwie.<\/p>\n<p>[\/vc_column_text][\/vc_column][\/vc_row]<\/p>\n<\/div>","protected":false},"excerpt":{"rendered":"<p>[vc_row full_width=&#8221;stretch_row_content_no_spaces&#8221; full_height=&#8221;yes&#8221; css=&#8221;.vc_custom_1702246808060{margin-top: -35px !important;background-color: #7c7c7c !important;}&#8221;][vc_column][\/vc_column][\/vc_row][vc_row el_id=&#8221;laureaci&#8221; css=&#8221;.vc_custom_1702246689996{margin-top: -30px !important;}&#8221;][vc_column css=&#8221;.vc_custom_1702164226005{border-radius: 5px !important;}&#8221;][vc_empty_space][vc_empty_space][vc_empty_space][vc_empty_space][\/vc_column][\/vc_row][vc_row css=&#8221;.vc_custom_1702165160991{border-top-width: 2px !important;border-right-width: 2px !important;border-bottom-width: 2px !important;border-left-width: 2px !important;border-left-style: ridge !important;border-right-style: ridge !important;border-top-style: ridge !important;border-bottom-style: ridge !important;border-radius: 5px !important;}&#8221;][vc_column width=&#8221;5\/6&#8243; css=&#8221;.vc_custom_1702165131593{border-radius: 5px !important;}&#8221;][vc_column_text css=&#8221;.vc_custom_1702247947833{padding-bottom: px&#8230;<\/p>\n","protected":false},"author":1,"featured_media":0,"parent":0,"menu_order":0,"comment_status":"closed","ping_status":"closed","template":"","meta":{"footnotes":""},"class_list":["post-4124","page","type-page","status-publish","hentry"],"_links":{"self":[{"href":"https:\/\/roznorodnosc.pl\/index.php?rest_route=\/wp\/v2\/pages\/4124","targetHints":{"allow":["GET"]}}],"collection":[{"href":"https:\/\/roznorodnosc.pl\/index.php?rest_route=\/wp\/v2\/pages"}],"about":[{"href":"https:\/\/roznorodnosc.pl\/index.php?rest_route=\/wp\/v2\/types\/page"}],"author":[{"embeddable":true,"href":"https:\/\/roznorodnosc.pl\/index.php?rest_route=\/wp\/v2\/users\/1"}],"replies":[{"embeddable":true,"href":"https:\/\/roznorodnosc.pl\/index.php?rest_route=%2Fwp%2Fv2%2Fcomments&post=4124"}],"version-history":[{"count":37,"href":"https:\/\/roznorodnosc.pl\/index.php?rest_route=\/wp\/v2\/pages\/4124\/revisions"}],"predecessor-version":[{"id":4478,"href":"https:\/\/roznorodnosc.pl\/index.php?rest_route=\/wp\/v2\/pages\/4124\/revisions\/4478"}],"wp:attachment":[{"href":"https:\/\/roznorodnosc.pl\/index.php?rest_route=%2Fwp%2Fv2%2Fmedia&parent=4124"}],"curies":[{"name":"wp","href":"https:\/\/api.w.org\/{rel}","templated":true}]}}