{"id":4227,"date":"2023-12-13T21:22:54","date_gmt":"2023-12-13T21:22:54","guid":{"rendered":"http:\/\/ns.roznorodnosc.pl\/?page_id=4227"},"modified":"2025-03-20T12:12:34","modified_gmt":"2025-03-20T12:12:34","slug":"program","status":"publish","type":"page","link":"https:\/\/roznorodnosc.pl\/?page_id=4227","title":{"rendered":"Program"},"content":{"rendered":"<div class=\"wpb-content-wrapper\"><p>[vc_row][vc_column][vc_row_inner][vc_column_inner][vc_single_image image=&#8221;4374&#8243; img_size=&#8221;full&#8221; alignment=&#8221;center&#8221;][\/vc_column_inner][\/vc_row_inner][vc_custom_heading text=&#8221;Harmonogram konkursu 2025&#8243; font_container=&#8221;tag:h2|text_align:center&#8221; use_theme_fonts=&#8221;yes&#8221;][\/vc_column][\/vc_row][vc_row el_id=&#8221;program&#8221;][vc_column]<div class=\"gt-dropdown\"><div class=\"gt-panel-group\" id=\"faq-accardion\" role=\"tablist\" aria-multiselectable=\"true\"><div class=\"gt-panel\"><div class=\"gt-panel-heading\" role=\"tab\" id=\"#faq-heading-563229\"><a role=\"button\" data-toggle=\"collapse\" data-parent=\"#faq-accardion\" href=\"#faq-collapse-563229\" aria-expanded=\"true\" aria-controls=\"faq-collapse-563229\">ETAP 1<svg xmlns=\"https:\/\/www.w3.org\/2000\/svg\" viewBox=\"0 0 24 24\" fill=\"none\" stroke=\"currentColor\" stroke-width=\"2\" stroke-linecap=\"round\" stroke-linejoin=\"round\"><polyline points=\"6 9 12 15 18 9\"><\/polyline><\/svg><\/a><\/div><div id=\"faq-collapse-563229\" class=\"gt-panel-collapse collapse show\" role=\"tabpanel\" aria-labelledby=\"faq-heading-563229\"><div class=\"gt-panel-body\"><p>Zbieranie zg\u0142osze\u0144 kandydat\u00f3w w terminie od 1.02. do 30.04.2025 r.<\/p>\n<\/div><\/div><\/div><\/div><\/div>[\/vc_column][\/vc_row][vc_row][vc_column][vc_empty_space]<div class=\"gt-dropdown\"><div class=\"gt-panel-group\" id=\"faq-accardion\" role=\"tablist\" aria-multiselectable=\"true\"><div class=\"gt-panel\"><div class=\"gt-panel-heading\" role=\"tab\" id=\"#faq-heading-261671\"><a role=\"button\" data-toggle=\"collapse\" data-parent=\"#faq-accardion\" href=\"#faq-collapse-261671\" aria-expanded=\"true\" aria-controls=\"faq-collapse-261671\">ETAP 2<svg xmlns=\"https:\/\/www.w3.org\/2000\/svg\" viewBox=\"0 0 24 24\" fill=\"none\" stroke=\"currentColor\" stroke-width=\"2\" stroke-linecap=\"round\" stroke-linejoin=\"round\"><polyline points=\"6 9 12 15 18 9\"><\/polyline><\/svg><\/a><\/div><div id=\"faq-collapse-261671\" class=\"gt-panel-collapse collapse show\" role=\"tabpanel\" aria-labelledby=\"faq-heading-261671\"><div class=\"gt-panel-body\"><p>Nominowani we wszystkich 6 kategoriach g\u0142\u00f3wnych (Wiek, Niepe\u0142nosprawno\u015b\u0107, P\u0142e\u0107, LGBT+, Dialog mi\u0119dzykulturowy, Neuror\u00f3\u017cnorodno\u015b\u0107) zostan\u0105 og\u0142oszeni na \u0142amach czerwcowego numeru czasopisma \"My Company Polska\" oraz na stronie internetowej: www.mycomanypolska.pl<\/p>\n<\/div><\/div><\/div><\/div><\/div>[\/vc_column][\/vc_row][vc_row][vc_column][vc_empty_space][\/vc_column][\/vc_row][vc_row][vc_column][vc_empty_space]<div class=\"gt-dropdown\"><div class=\"gt-panel-group\" id=\"faq-accardion\" role=\"tablist\" aria-multiselectable=\"true\"><div class=\"gt-panel\"><div class=\"gt-panel-heading\" role=\"tab\" id=\"#faq-heading-646247\"><a role=\"button\" data-toggle=\"collapse\" data-parent=\"#faq-accardion\" href=\"#faq-collapse-646247\" aria-expanded=\"true\" aria-controls=\"faq-collapse-646247\">NAGRODY - KATEGORIE<svg xmlns=\"https:\/\/www.w3.org\/2000\/svg\" viewBox=\"0 0 24 24\" fill=\"none\" stroke=\"currentColor\" stroke-width=\"2\" stroke-linecap=\"round\" stroke-linejoin=\"round\"><polyline points=\"6 9 12 15 18 9\"><\/polyline><\/svg><\/a><\/div><div id=\"faq-collapse-646247\" class=\"gt-panel-collapse collapse show\" role=\"tabpanel\" aria-labelledby=\"faq-heading-646247\"><div class=\"gt-panel-body\"><p>Nagrody w kategoriach specjalnych (Przedsi\u0119biorstwo r\u00f3\u017cnorodno\u015bci, Mened\u017cer\/ka r\u00f3\u017cnorodno\u015bci, Ambasador\/ka r\u00f3\u017cnorodno\u015bci, Inicjatywa spo\u0142eczna) przyznaje redakcja czasopisma \u201eMy Company Polska\"<\/p>\n<\/div><\/div><\/div><\/div><\/div>[\/vc_column][\/vc_row][vc_row][vc_column][vc_empty_space][vc_empty_space]<div class=\"gt-dropdown\"><div class=\"gt-panel-group\" id=\"faq-accardion\" role=\"tablist\" aria-multiselectable=\"true\"><div class=\"gt-panel\"><div class=\"gt-panel-heading\" role=\"tab\" id=\"#faq-heading-903810\"><a role=\"button\" data-toggle=\"collapse\" data-parent=\"#faq-accardion\" href=\"#faq-collapse-903810\" aria-expanded=\"true\" aria-controls=\"faq-collapse-903810\">ETAP 3<svg xmlns=\"https:\/\/www.w3.org\/2000\/svg\" viewBox=\"0 0 24 24\" fill=\"none\" stroke=\"currentColor\" stroke-width=\"2\" stroke-linecap=\"round\" stroke-linejoin=\"round\"><polyline points=\"6 9 12 15 18 9\"><\/polyline><\/svg><\/a><\/div><div id=\"faq-collapse-903810\" class=\"gt-panel-collapse collapse show\" role=\"tabpanel\" aria-labelledby=\"faq-heading-903810\"><div class=\"gt-panel-body\"><p>Laureaci zostan\u0105 og\u0142oszeni podczas gali wr\u0119czenia nagr\u00f3d 05.06.2025 r. oraz na \u0142amach wydania lipcowego czasopisma \u201eMy Company Polska\" i na stronie internetowej www.mycomanypolska.pl<\/p>\n<\/div><\/div><\/div><\/div><\/div>[\/vc_column][\/vc_row]<\/p>\n<\/div>","protected":false},"excerpt":{"rendered":"<p>[vc_row][vc_column][vc_row_inner][vc_column_inner][vc_single_image image=&#8221;4374&#8243; img_size=&#8221;full&#8221; alignment=&#8221;center&#8221;][\/vc_column_inner][\/vc_row_inner][vc_custom_heading text=&#8221;Harmonogram konkursu 2025&#8243; font_container=&#8221;tag:h2|text_align:center&#8221; use_theme_fonts=&#8221;yes&#8221;][\/vc_column][\/vc_row][vc_row el_id=&#8221;program&#8221;][vc_column][\/vc_column][\/vc_row][vc_row][vc_column][vc_empty_space][\/vc_column][\/vc_row][vc_row][vc_column][vc_empty_space][\/vc_column][\/vc_row][vc_row][vc_column][vc_empty_space][\/vc_column][\/vc_row][vc_row][vc_column][vc_empty_space][vc_empty_space][\/vc_column][\/vc_row]<\/p>\n","protected":false},"author":1,"featured_media":0,"parent":0,"menu_order":0,"comment_status":"closed","ping_status":"closed","template":"","meta":{"footnotes":""},"class_list":["post-4227","page","type-page","status-publish","hentry"],"_links":{"self":[{"href":"https:\/\/roznorodnosc.pl\/index.php?rest_route=\/wp\/v2\/pages\/4227","targetHints":{"allow":["GET"]}}],"collection":[{"href":"https:\/\/roznorodnosc.pl\/index.php?rest_route=\/wp\/v2\/pages"}],"about":[{"href":"https:\/\/roznorodnosc.pl\/index.php?rest_route=\/wp\/v2\/types\/page"}],"author":[{"embeddable":true,"href":"https:\/\/roznorodnosc.pl\/index.php?rest_route=\/wp\/v2\/users\/1"}],"replies":[{"embeddable":true,"href":"https:\/\/roznorodnosc.pl\/index.php?rest_route=%2Fwp%2Fv2%2Fcomments&post=4227"}],"version-history":[{"count":29,"href":"https:\/\/roznorodnosc.pl\/index.php?rest_route=\/wp\/v2\/pages\/4227\/revisions"}],"predecessor-version":[{"id":4741,"href":"https:\/\/roznorodnosc.pl\/index.php?rest_route=\/wp\/v2\/pages\/4227\/revisions\/4741"}],"wp:attachment":[{"href":"https:\/\/roznorodnosc.pl\/index.php?rest_route=%2Fwp%2Fv2%2Fmedia&parent=4227"}],"curies":[{"name":"wp","href":"https:\/\/api.w.org\/{rel}","templated":true}]}}