{"id":4332,"date":"2024-01-10T15:04:01","date_gmt":"2024-01-10T15:04:01","guid":{"rendered":"http:\/\/ns.roznorodnosc.pl\/?page_id=4332"},"modified":"2025-05-01T21:47:11","modified_gmt":"2025-05-01T21:47:11","slug":"kontakt-2","status":"publish","type":"page","link":"https:\/\/roznorodnosc.pl\/?page_id=4332","title":{"rendered":"Kontakt"},"content":{"rendered":"<div class=\"wpb-content-wrapper\"><p>[vc_row][vc_column]<div class=\"gt-heading gt-dark gt-size1 gt-align-center\"><div class=\"gt-title\">Skontaktuj si\u0119 <span>z nami!<\/span><\/div><div class=\"gt-separate\"><svg xmlns=\"https:\/\/www.w3.org\/2000\/svg\" viewBox=\"0 0 24 24\" fill=\"none\" stroke=\"currentColor\" stroke-width=\"2\" stroke-linecap=\"round\" stroke-linejoin=\"round\"><path d=\"M21 16V8a2 2 0 0 0-1-1.73l-7-4a2 2 0 0 0-2 0l-7 4A2 2 0 0 0 3 8v8a2 2 0 0 0 1 1.73l7 4a2 2 0 0 0 2 0l7-4A2 2 0 0 0 21 16z\"><\/path><polyline points=\"3.27 6.96 12 12.01 20.73 6.96\"><\/polyline><line x1=\"12\" y1=\"22.08\" x2=\"12\" y2=\"12\"><\/line><\/svg><\/div><\/div>[vc_empty_space][vc_empty_space][\/vc_column][\/vc_row][vc_row][vc_column width=&#8221;1\/2&#8243;]\n<div class=\"wpcf7 no-js\" id=\"wpcf7-f3931-o1\" lang=\"en-US\" dir=\"ltr\" data-wpcf7-id=\"3931\">\n<div class=\"screen-reader-response\"><p role=\"status\" aria-live=\"polite\" aria-atomic=\"true\"><\/p> <ul><\/ul><\/div>\n<form action=\"\/index.php?rest_route=%2Fwp%2Fv2%2Fpages%2F4332#wpcf7-f3931-o1\" method=\"post\" class=\"wpcf7-form init\" aria-label=\"Contact form\" novalidate=\"novalidate\" data-status=\"init\">\n<fieldset class=\"hidden-fields-container\"><input type=\"hidden\" name=\"_wpcf7\" value=\"3931\" \/><input type=\"hidden\" name=\"_wpcf7_version\" value=\"6.1.4\" \/><input type=\"hidden\" name=\"_wpcf7_locale\" value=\"en_US\" \/><input type=\"hidden\" name=\"_wpcf7_unit_tag\" value=\"wpcf7-f3931-o1\" \/><input type=\"hidden\" name=\"_wpcf7_container_post\" value=\"0\" \/><input type=\"hidden\" name=\"_wpcf7_posted_data_hash\" value=\"\" \/>\n<\/fieldset>\n<div class=\"gt-columns gt-column-1 gt-column-space-15\">\n  <div class=\"gt-col\">\n    <div class=\"gt-inner\">\n      <span class=\"wpcf7-form-control-wrap\" data-name=\"your-name\"><input size=\"40\" maxlength=\"400\" class=\"wpcf7-form-control wpcf7-text wpcf7-validates-as-required\" aria-required=\"true\" aria-invalid=\"false\" placeholder=\"Imi\u0119\" value=\"\" type=\"text\" name=\"your-name\" \/><\/span>\n    <\/div>\n  <\/div>\n  <div class=\"gt-col\">\n    <div class=\"gt-inner\">\n      <span class=\"wpcf7-form-control-wrap\" data-name=\"your-email\"><input size=\"40\" maxlength=\"400\" class=\"wpcf7-form-control wpcf7-email wpcf7-validates-as-required wpcf7-text wpcf7-validates-as-email\" aria-required=\"true\" aria-invalid=\"false\" placeholder=\"Nazwisko\" value=\"\" type=\"email\" name=\"your-email\" \/><\/span>\n    <\/div>\n  <\/div>\n  <div class=\"gt-col\">\n    <div class=\"gt-inner\">\n      <span class=\"wpcf7-form-control-wrap\" data-name=\"your-subject\"><input size=\"40\" maxlength=\"400\" class=\"wpcf7-form-control wpcf7-text wpcf7-validates-as-required\" aria-required=\"true\" aria-invalid=\"false\" placeholder=\"Temat\" value=\"\" type=\"text\" name=\"your-subject\" \/><\/span>\n    <\/div>\n  <\/div>\n  <div class=\"gt-col\">\n    <div class=\"gt-inner\">\n      <span class=\"wpcf7-form-control-wrap\" data-name=\"your-message\"><textarea cols=\"40\" rows=\"5\" maxlength=\"2000\" class=\"wpcf7-form-control wpcf7-textarea\" aria-invalid=\"false\" placeholder=\"Wiadomo\u015b\u0107\" name=\"your-message\"><\/textarea><\/span>\n    <\/div>\n  <\/div>\n  <div class=\"gt-col\">\n    <div class=\"gt-inner\">\n      <span class=\"wpcf7-form-control-wrap\" data-name=\"confirmation\"><span class=\"wpcf7-form-control wpcf7-checkbox wpcf7-validates-as-required wpcf7-exclusive-checkbox gt-checkbox\"><span class=\"wpcf7-list-item first last\"><label><input type=\"checkbox\" name=\"confirmation\" value=\"Administratorem danych osobowych jest My Company Media Sp. z o.o. (ul. Szturmowa 2A, 02-678 Warszawa). Dane osobowe podane w formularzu b\u0119d\u0105 przetwarzane w odpowiedzi na Twoje zapytanie. Podanie danych jest dobrowolne. Przys\u0142uguje Ci prawo dost\u0119pu do tre\u015bci swoich danych oraz ich poprawiania. Szczeg\u00f3\u0142owe informacje o przetwarzaniu danych osobowych znajdziesz w Polityce prywatno\u015bci.\" \/><span class=\"wpcf7-list-item-label\">Administratorem danych osobowych jest My Company Media Sp. z o.o. (ul. Szturmowa 2A, 02-678 Warszawa). Dane osobowe podane w formularzu b\u0119d\u0105 przetwarzane w odpowiedzi na Twoje zapytanie. Podanie danych jest dobrowolne. Przys\u0142uguje Ci prawo dost\u0119pu do tre\u015bci swoich danych oraz ich poprawiania. Szczeg\u00f3\u0142owe informacje o przetwarzaniu danych osobowych znajdziesz w Polityce prywatno\u015bci.<\/span><\/label><\/span><\/span><\/span>\n    <\/div>\n  <\/div>\n  <div class=\"gt-col\">\n    <div class=\"gt-inner\">\n      <input class=\"wpcf7-form-control wpcf7-submit has-spinner\" type=\"submit\" value=\"Wy\u015blij\" \/>\n    <\/div>\n  <\/div>\n<\/div><div class=\"wpcf7-response-output\" aria-hidden=\"true\"><\/div>\n<\/form>\n<\/div>\n[\/vc_column][vc_column width=&#8221;1\/2&#8243;][vc_single_image image=&#8221;3981&#8243; img_size=&#8221;large&#8221;]<div class=\"gt-contact-box\"><div class=\"gt-item gt-text\">My Company Media Sp. z o.o.<\/div><div class=\"gt-item gt-address\"><svg xmlns=\"https:\/\/www.w3.org\/2000\/svg\" viewBox=\"0 0 24 24\" fill=\"none\" stroke=\"currentColor\" stroke-width=\"2\" stroke-linecap=\"round\" stroke-linejoin=\"round\"><path d=\"M21 10c0 7-9 13-9 13s-9-6-9-13a9 9 0 0 1 18 0z\"><\/path><circle cx=\"12\" cy=\"10\" r=\"3\"><\/circle><\/svg>ul. Wynalazek 4, 02-677 Warszawa<\/div><div class=\"gt-item gt-email\"><svg xmlns=\"https:\/\/www.w3.org\/2000\/svg\" viewBox=\"0 0 24 24\" fill=\"none\" stroke=\"currentColor\" stroke-width=\"2\" stroke-linecap=\"round\" stroke-linejoin=\"round\"><path d=\"M4 4h16c1.1 0 2 .9 2 2v12c0 1.1-.9 2-2 2H4c-1.1 0-2-.9-2-2V6c0-1.1.9-2 2-2z\"><\/path><polyline points=\"22,6 12,13 2,6\"><\/polyline><\/svg><a href=\"mailto:beata.witkowska@mycompanypolska.pl\">beata.witkowska@mycompanypolska.pl<\/a><\/div><div class=\"gt-item gt-phone\"><svg xmlns=\"https:\/\/www.w3.org\/2000\/svg\" viewBox=\"0 0 24 24\" fill=\"none\" stroke=\"currentColor\" stroke-width=\"2\" stroke-linecap=\"round\" stroke-linejoin=\"round\"><path d=\"M22 16.92v3a2 2 0 0 1-2.18 2 19.79 19.79 0 0 1-8.63-3.07 19.5 19.5 0 0 1-6-6 19.79 19.79 0 0 1-3.07-8.67A2 2 0 0 1 4.11 2h3a2 2 0 0 1 2 1.72 12.84 12.84 0 0 0 .7 2.81 2 2 0 0 1-.45 2.11L8.09 9.91a16 16 0 0 0 6 6l1.27-1.27a2 2 0 0 1 2.11-.45 12.84 12.84 0 0 0 2.81.7A2 2 0 0 1 22 16.92z\"><\/path><\/svg><a href=\"tel:++48510024881\">+48 510 024 881<\/a><\/div><\/div>[\/vc_column][\/vc_row]<\/p>\n<\/div>","protected":false},"excerpt":{"rendered":"<p>[vc_row][vc_column][vc_empty_space][vc_empty_space][\/vc_column][\/vc_row][vc_row][vc_column width=&#8221;1\/2&#8243;][\/vc_column][vc_column width=&#8221;1\/2&#8243;][vc_single_image image=&#8221;3981&#8243; img_size=&#8221;large&#8221;][\/vc_column][\/vc_row]<\/p>\n","protected":false},"author":1,"featured_media":0,"parent":0,"menu_order":0,"comment_status":"closed","ping_status":"closed","template":"","meta":{"footnotes":""},"class_list":["post-4332","page","type-page","status-publish","hentry"],"_links":{"self":[{"href":"https:\/\/roznorodnosc.pl\/index.php?rest_route=\/wp\/v2\/pages\/4332","targetHints":{"allow":["GET"]}}],"collection":[{"href":"https:\/\/roznorodnosc.pl\/index.php?rest_route=\/wp\/v2\/pages"}],"about":[{"href":"https:\/\/roznorodnosc.pl\/index.php?rest_route=\/wp\/v2\/types\/page"}],"author":[{"embeddable":true,"href":"https:\/\/roznorodnosc.pl\/index.php?rest_route=\/wp\/v2\/users\/1"}],"replies":[{"embeddable":true,"href":"https:\/\/roznorodnosc.pl\/index.php?rest_route=%2Fwp%2Fv2%2Fcomments&post=4332"}],"version-history":[{"count":9,"href":"https:\/\/roznorodnosc.pl\/index.php?rest_route=\/wp\/v2\/pages\/4332\/revisions"}],"predecessor-version":[{"id":4789,"href":"https:\/\/roznorodnosc.pl\/index.php?rest_route=\/wp\/v2\/pages\/4332\/revisions\/4789"}],"wp:attachment":[{"href":"https:\/\/roznorodnosc.pl\/index.php?rest_route=%2Fwp%2Fv2%2Fmedia&parent=4332"}],"curies":[{"name":"wp","href":"https:\/\/api.w.org\/{rel}","templated":true}]}}