{"id":4335,"date":"2024-01-10T18:49:34","date_gmt":"2024-01-10T18:49:34","guid":{"rendered":"http:\/\/ns.roznorodnosc.pl\/?page_id=4335"},"modified":"2024-02-03T08:53:26","modified_gmt":"2024-02-03T08:53:26","slug":"dr-anna-kieszkowska-grudny","status":"publish","type":"page","link":"https:\/\/roznorodnosc.pl\/?page_id=4335","title":{"rendered":"Dr Anna Kieszkowska-Grudny"},"content":{"rendered":"<div class=\"wpb-content-wrapper\"><p>[vc_row][vc_column width=&#8221;1\/2&#8243;][vc_empty_space][vc_single_image image=&#8221;3845&#8243; img_size=&#8221;large&#8221;][\/vc_column][vc_column width=&#8221;1\/2&#8243;][vc_custom_heading text=&#8221;Dr Anna Kieszkowska-Grudny&#8221; use_theme_fonts=&#8221;yes&#8221;][vc_separator][vc_column_text]Wsp\u00f3\u0142za\u0142o\u017cycielka i prezeska Minds of Hope | Instytut BezStresu, pomys\u0142odawczyni i dyrektorka programowa biznesowych studi\u00f3w podyplomowych Akademia Przyw\u00f3dztwa Kobiet, realizowanych przy wsp\u00f3\u0142pracy z Akademi\u0105 Leona Ko\u017ami\u0144skiego oraz Stowarzyszeniem LiderShe. Doktor nauk medycznych, mened\u017cerka, coachka i mentorka, trenerka biznesu, wyk\u0142adowczyni. Absolwentka wielu presti\u017cowych uczelni, w tym Akademii Medycznej, Uniwersytetu SWPS, Stanford University School of Medicine czy studi\u00f3w z zakresu Zarz\u0105dzania Finansami i Marketingu na Uniwersytecie Ekonomicznym, psycholo\u017cka kliniczna, neuropsycholo\u017cka i psychoterapeutka.[\/vc_column_text][\/vc_column][\/vc_row]<\/p>\n<\/div>","protected":false},"excerpt":{"rendered":"<p>[vc_row][vc_column width=&#8221;1\/2&#8243;][vc_empty_space][vc_single_image image=&#8221;3845&#8243; img_size=&#8221;large&#8221;][\/vc_column][vc_column width=&#8221;1\/2&#8243;][vc_custom_heading text=&#8221;Dr Anna Kieszkowska-Grudny&#8221; use_theme_fonts=&#8221;yes&#8221;][vc_separator][vc_column_text]Wsp\u00f3\u0142za\u0142o\u017cycielka i prezeska Minds of Hope | Instytut BezStresu, pomys\u0142odawczyni i dyrektorka programowa biznesowych studi\u00f3w podyplomowych Akademia Przyw\u00f3dztwa Kobiet, realizowanych przy wsp\u00f3\u0142pracy z Akademi\u0105 Leona Ko\u017ami\u0144skiego oraz Stowarzyszeniem LiderShe. Doktor nauk medycznych,&#8230;<\/p>\n","protected":false},"author":1,"featured_media":0,"parent":0,"menu_order":0,"comment_status":"closed","ping_status":"closed","template":"","meta":{"footnotes":""},"class_list":["post-4335","page","type-page","status-publish","hentry"],"_links":{"self":[{"href":"https:\/\/roznorodnosc.pl\/index.php?rest_route=\/wp\/v2\/pages\/4335","targetHints":{"allow":["GET"]}}],"collection":[{"href":"https:\/\/roznorodnosc.pl\/index.php?rest_route=\/wp\/v2\/pages"}],"about":[{"href":"https:\/\/roznorodnosc.pl\/index.php?rest_route=\/wp\/v2\/types\/page"}],"author":[{"embeddable":true,"href":"https:\/\/roznorodnosc.pl\/index.php?rest_route=\/wp\/v2\/users\/1"}],"replies":[{"embeddable":true,"href":"https:\/\/roznorodnosc.pl\/index.php?rest_route=%2Fwp%2Fv2%2Fcomments&post=4335"}],"version-history":[{"count":5,"href":"https:\/\/roznorodnosc.pl\/index.php?rest_route=\/wp\/v2\/pages\/4335\/revisions"}],"predecessor-version":[{"id":4485,"href":"https:\/\/roznorodnosc.pl\/index.php?rest_route=\/wp\/v2\/pages\/4335\/revisions\/4485"}],"wp:attachment":[{"href":"https:\/\/roznorodnosc.pl\/index.php?rest_route=%2Fwp%2Fv2%2Fmedia&parent=4335"}],"curies":[{"name":"wp","href":"https:\/\/api.w.org\/{rel}","templated":true}]}}