{"id":4345,"date":"2024-01-10T19:02:13","date_gmt":"2024-01-10T19:02:13","guid":{"rendered":"http:\/\/ns.roznorodnosc.pl\/?page_id=4345"},"modified":"2024-02-03T08:53:39","modified_gmt":"2024-02-03T08:53:39","slug":"yga-kostrzewa","status":"publish","type":"page","link":"https:\/\/roznorodnosc.pl\/?page_id=4345","title":{"rendered":"Yga Kostrzewa"},"content":{"rendered":"<div class=\"wpb-content-wrapper\"><p>[vc_row][vc_column width=&#8221;1\/2&#8243;][vc_empty_space][vc_single_image image=&#8221;4347&#8243; img_size=&#8221;large&#8221;][\/vc_column][vc_column width=&#8221;1\/2&#8243;][vc_custom_heading text=&#8221;Yga Kostrzewa&#8221; use_theme_fonts=&#8221;yes&#8221;][vc_separator][vc_column_text]Spo\u0142eczniczka, dzia\u0142aj\u0105ca przede wszystkim na rzecz spo\u0142eczno\u015bci LGBTQIAP+ i ruchu feministycznego. Od 1998 r. aktywistka Lambdy Warszawa, w latach 2002-2022 rzeczniczka tej organizacji. W latach 2005-2019 Cz\u0142onkini Porozumienia Kobiet 8 Marca, cz\u0142onkini Rady Kongresu Kobiet, cz\u0142onkini Rady Fundacji Trans-Fuzja, wsp\u00f3\u0142organizatorka Parad R\u00f3wno\u015bci w Warszawie (2004-2010). Wsp\u00f3\u0142za\u0142o\u017cycielka Grupy Inicjatywnej ds. Zwi\u0105zk\u00f3w Partnerskich (2009). Cz\u0142owiek Du\u017cego Formatu Gazety Wyborczej 2006. Wsp\u00f3\u0142autorka ksi\u0105\u017cek \u201eNowe kierunki w zarz\u0105dzaniu. Podr\u0119cznik akademicki\u201d i \u201eHomoWarszawa\u201d. Pomys\u0142odawczyni akcji we wsp\u00f3\u0142pracy z Gazet\u0105 Wyborcz\u0105 \u201eOdkrywamy si\u0119\u201d. Inicjatorka i wsp\u00f3\u0142autorka poradnika \u201eJak pisa\u0107 i m\u00f3wi\u0107 o osobach LGBT+\u201d.[\/vc_column_text][\/vc_column][\/vc_row]<\/p>\n<\/div>","protected":false},"excerpt":{"rendered":"<p>[vc_row][vc_column width=&#8221;1\/2&#8243;][vc_empty_space][vc_single_image image=&#8221;4347&#8243; img_size=&#8221;large&#8221;][\/vc_column][vc_column width=&#8221;1\/2&#8243;][vc_custom_heading text=&#8221;Yga Kostrzewa&#8221; use_theme_fonts=&#8221;yes&#8221;][vc_separator][vc_column_text]Spo\u0142eczniczka, dzia\u0142aj\u0105ca przede wszystkim na rzecz spo\u0142eczno\u015bci LGBTQIAP+ i ruchu feministycznego. Od 1998 r. aktywistka Lambdy Warszawa, w latach 2002-2022 rzeczniczka tej organizacji. W latach 2005-2019 Cz\u0142onkini Porozumienia Kobiet 8 Marca, cz\u0142onkini Rady&#8230;<\/p>\n","protected":false},"author":1,"featured_media":0,"parent":0,"menu_order":0,"comment_status":"closed","ping_status":"closed","template":"","meta":{"footnotes":""},"class_list":["post-4345","page","type-page","status-publish","hentry"],"_links":{"self":[{"href":"https:\/\/roznorodnosc.pl\/index.php?rest_route=\/wp\/v2\/pages\/4345","targetHints":{"allow":["GET"]}}],"collection":[{"href":"https:\/\/roznorodnosc.pl\/index.php?rest_route=\/wp\/v2\/pages"}],"about":[{"href":"https:\/\/roznorodnosc.pl\/index.php?rest_route=\/wp\/v2\/types\/page"}],"author":[{"embeddable":true,"href":"https:\/\/roznorodnosc.pl\/index.php?rest_route=\/wp\/v2\/users\/1"}],"replies":[{"embeddable":true,"href":"https:\/\/roznorodnosc.pl\/index.php?rest_route=%2Fwp%2Fv2%2Fcomments&post=4345"}],"version-history":[{"count":3,"href":"https:\/\/roznorodnosc.pl\/index.php?rest_route=\/wp\/v2\/pages\/4345\/revisions"}],"predecessor-version":[{"id":4486,"href":"https:\/\/roznorodnosc.pl\/index.php?rest_route=\/wp\/v2\/pages\/4345\/revisions\/4486"}],"wp:attachment":[{"href":"https:\/\/roznorodnosc.pl\/index.php?rest_route=%2Fwp%2Fv2%2Fmedia&parent=4345"}],"curies":[{"name":"wp","href":"https:\/\/api.w.org\/{rel}","templated":true}]}}