{"id":4349,"date":"2024-01-10T19:05:30","date_gmt":"2024-01-10T19:05:30","guid":{"rendered":"http:\/\/ns.roznorodnosc.pl\/?page_id=4349"},"modified":"2024-02-03T08:52:25","modified_gmt":"2024-02-03T08:52:25","slug":"ewa-pawlowska","status":"publish","type":"page","link":"https:\/\/roznorodnosc.pl\/?page_id=4349","title":{"rendered":"Ewa Paw\u0142owska"},"content":{"rendered":"<div class=\"wpb-content-wrapper\"><p>[vc_row][vc_column width=&#8221;1\/2&#8243;][vc_empty_space][vc_single_image image=&#8221;4351&#8243; img_size=&#8221;large&#8221;][\/vc_column][vc_column width=&#8221;1\/2&#8243;][vc_custom_heading text=&#8221;Ewa Paw\u0142owska&#8221; use_theme_fonts=&#8221;yes&#8221;][vc_separator][vc_column_text]prezeska Stowarzyszenia Integracja Ewa Paw\u0142owska, wcze\u015bniej wieloletni cz\u0142onek Zarz\u0105du Stowarzyszenia Przyjaci\u00f3\u0142 Integracji. Uko\u0144czy\u0142a Wydzia\u0142 Piel\u0119gniarski Akademii Medycznej w Lublinie. Przez 26 lat pracowa\u0142a jako po\u0142o\u017cna specjalistka w Szpitalu \u015awi\u0119tej Zofii w Warszawie, zajmuj\u0105c si\u0119 tam tak\u017ce pacjentkami z r\u00f3\u017cnymi niepe\u0142nosprawno\u015bciami. Od 1999 roku jako \u017cona Piotra Paw\u0142owskiego bezpo\u015brednio poznawa\u0142a bariery jakie napotykaj\u0105 osoby z niepe\u0142nosprawno\u015bci\u0105 w \u017cyciu codziennym, r\u00f3wnie\u017c jako pacjenci plac\u00f3wek s\u0142u\u017cby zdrowia w Polsce.[\/vc_column_text][\/vc_column][\/vc_row]<\/p>\n<\/div>","protected":false},"excerpt":{"rendered":"<p>[vc_row][vc_column width=&#8221;1\/2&#8243;][vc_empty_space][vc_single_image image=&#8221;4351&#8243; img_size=&#8221;large&#8221;][\/vc_column][vc_column width=&#8221;1\/2&#8243;][vc_custom_heading text=&#8221;Ewa Paw\u0142owska&#8221; use_theme_fonts=&#8221;yes&#8221;][vc_separator][vc_column_text]prezeska Stowarzyszenia Integracja Ewa Paw\u0142owska, wcze\u015bniej wieloletni cz\u0142onek Zarz\u0105du Stowarzyszenia Przyjaci\u00f3\u0142 Integracji. Uko\u0144czy\u0142a Wydzia\u0142 Piel\u0119gniarski Akademii Medycznej w Lublinie. Przez 26 lat pracowa\u0142a jako po\u0142o\u017cna specjalistka w Szpitalu \u015awi\u0119tej Zofii w Warszawie, zajmuj\u0105c&#8230;<\/p>\n","protected":false},"author":1,"featured_media":0,"parent":0,"menu_order":0,"comment_status":"closed","ping_status":"closed","template":"","meta":{"footnotes":""},"class_list":["post-4349","page","type-page","status-publish","hentry"],"_links":{"self":[{"href":"https:\/\/roznorodnosc.pl\/index.php?rest_route=\/wp\/v2\/pages\/4349","targetHints":{"allow":["GET"]}}],"collection":[{"href":"https:\/\/roznorodnosc.pl\/index.php?rest_route=\/wp\/v2\/pages"}],"about":[{"href":"https:\/\/roznorodnosc.pl\/index.php?rest_route=\/wp\/v2\/types\/page"}],"author":[{"embeddable":true,"href":"https:\/\/roznorodnosc.pl\/index.php?rest_route=\/wp\/v2\/users\/1"}],"replies":[{"embeddable":true,"href":"https:\/\/roznorodnosc.pl\/index.php?rest_route=%2Fwp%2Fv2%2Fcomments&post=4349"}],"version-history":[{"count":3,"href":"https:\/\/roznorodnosc.pl\/index.php?rest_route=\/wp\/v2\/pages\/4349\/revisions"}],"predecessor-version":[{"id":4481,"href":"https:\/\/roznorodnosc.pl\/index.php?rest_route=\/wp\/v2\/pages\/4349\/revisions\/4481"}],"wp:attachment":[{"href":"https:\/\/roznorodnosc.pl\/index.php?rest_route=%2Fwp%2Fv2%2Fmedia&parent=4349"}],"curies":[{"name":"wp","href":"https:\/\/api.w.org\/{rel}","templated":true}]}}