{"id":4353,"date":"2024-01-10T19:07:48","date_gmt":"2024-01-10T19:07:48","guid":{"rendered":"http:\/\/ns.roznorodnosc.pl\/?page_id=4353"},"modified":"2024-02-03T08:52:12","modified_gmt":"2024-02-03T08:52:12","slug":"prof-lukasz-arendt","status":"publish","type":"page","link":"https:\/\/roznorodnosc.pl\/?page_id=4353","title":{"rendered":"Prof. \u0141ukasz Arendt"},"content":{"rendered":"<div class=\"wpb-content-wrapper\"><p>[vc_row][vc_column width=&#8221;1\/2&#8243;][vc_empty_space][vc_single_image image=&#8221;4355&#8243; img_size=&#8221;large&#8221;][\/vc_column][vc_column width=&#8221;1\/2&#8243;][vc_custom_heading text=&#8221;Prof. \u0141ukasz Arendt&#8221; use_theme_fonts=&#8221;yes&#8221;][vc_separator][vc_column_text]Doktor habilitowany nauk ekonomicznych, profesor Uniwersytetu \u0141\u00f3dzkiego. Specjalista od rynku pracy oraz wp\u0142ywu technologii informacyjnych i telekomunikacyjnych na gospodark\u0119. Koordynator projektu \u201eModel aktywizacji zawodowej obywateli Ukrainy\u201d realizowanego przez Konfederacj\u0119 Lewiatan. Cz\u0142onek Komitetu Nauk o Pracy i Polityce Spo\u0142ecznej PAN, ekspert Team Europe. W latach 2016\u20132019 pe\u0142ni\u0142 funkcj\u0119 dyrektora Instytutu Pracy i Spraw Socjalnych, a w latach 2020-2021 dyrektora Instytutu Bada\u0144 Edukacyjnych.[\/vc_column_text][\/vc_column][\/vc_row]<\/p>\n<\/div>","protected":false},"excerpt":{"rendered":"<p>[vc_row][vc_column width=&#8221;1\/2&#8243;][vc_empty_space][vc_single_image image=&#8221;4355&#8243; img_size=&#8221;large&#8221;][\/vc_column][vc_column width=&#8221;1\/2&#8243;][vc_custom_heading text=&#8221;Prof. \u0141ukasz Arendt&#8221; use_theme_fonts=&#8221;yes&#8221;][vc_separator][vc_column_text]Doktor habilitowany nauk ekonomicznych, profesor Uniwersytetu \u0141\u00f3dzkiego. Specjalista od rynku pracy oraz wp\u0142ywu technologii informacyjnych i telekomunikacyjnych na gospodark\u0119. Koordynator projektu \u201eModel aktywizacji zawodowej obywateli Ukrainy\u201d realizowanego przez Konfederacj\u0119 Lewiatan. Cz\u0142onek Komitetu&#8230;<\/p>\n","protected":false},"author":1,"featured_media":0,"parent":0,"menu_order":0,"comment_status":"closed","ping_status":"closed","template":"","meta":{"footnotes":""},"class_list":["post-4353","page","type-page","status-publish","hentry"],"_links":{"self":[{"href":"https:\/\/roznorodnosc.pl\/index.php?rest_route=\/wp\/v2\/pages\/4353","targetHints":{"allow":["GET"]}}],"collection":[{"href":"https:\/\/roznorodnosc.pl\/index.php?rest_route=\/wp\/v2\/pages"}],"about":[{"href":"https:\/\/roznorodnosc.pl\/index.php?rest_route=\/wp\/v2\/types\/page"}],"author":[{"embeddable":true,"href":"https:\/\/roznorodnosc.pl\/index.php?rest_route=\/wp\/v2\/users\/1"}],"replies":[{"embeddable":true,"href":"https:\/\/roznorodnosc.pl\/index.php?rest_route=%2Fwp%2Fv2%2Fcomments&post=4353"}],"version-history":[{"count":3,"href":"https:\/\/roznorodnosc.pl\/index.php?rest_route=\/wp\/v2\/pages\/4353\/revisions"}],"predecessor-version":[{"id":4480,"href":"https:\/\/roznorodnosc.pl\/index.php?rest_route=\/wp\/v2\/pages\/4353\/revisions\/4480"}],"wp:attachment":[{"href":"https:\/\/roznorodnosc.pl\/index.php?rest_route=%2Fwp%2Fv2%2Fmedia&parent=4353"}],"curies":[{"name":"wp","href":"https:\/\/api.w.org\/{rel}","templated":true}]}}