{"id":4399,"date":"2024-01-25T05:17:34","date_gmt":"2024-01-25T05:17:34","guid":{"rendered":"http:\/\/ns.roznorodnosc.pl\/?page_id=4399"},"modified":"2024-02-03T08:52:55","modified_gmt":"2024-02-03T08:52:55","slug":"marcin-dzierzanowski-on-jego","status":"publish","type":"page","link":"https:\/\/roznorodnosc.pl\/?page_id=4399","title":{"rendered":"Marcin Dzier\u017canowski (on\/jego)"},"content":{"rendered":"<div class=\"wpb-content-wrapper\"><p>[vc_row][vc_column width=&#8221;1\/2&#8243;][vc_empty_space][vc_single_image image=&#8221;4401&#8243; img_size=&#8221;large&#8221;][\/vc_column][vc_column width=&#8221;1\/2&#8243;][vc_custom_heading text=&#8221;Marcin Dzier\u017canowski (jego\/on)&#8221; use_theme_fonts=&#8221;yes&#8221;][vc_separator][vc_column_text]Dziennikarz, publicysta, dzia\u0142acz antydyskryminacyjny. Redaktor prowadz\u0105cy \u201eMy Company Polska\u201d. Pomys\u0142odawca i przewodnicz\u0105cy kapitu\u0142y konkursu Polskich Nagr\u00f3d R\u00f3\u017cnorodno\u015bci. By\u0142 m.in. redaktorem naczelnym tygodnika \u201eWprost\u201d, sekretarzem redakcji \u201eNational Geographic Traveler\u201d. Tw\u00f3rca i pierwszy szef portalu informacyjnego <a href=\"http:\/\/tvp.info\/\" target=\"_blank\" rel=\"noopener\" data-saferedirecturl=\"https:\/\/www.google.com\/url?q=http:\/\/tvp.info&amp;source=gmail&amp;ust=1706246055391000&amp;usg=AOvVaw1K6ckTvnrG65N5PW5dFJyc\">tvp.info<\/a>. Nominowany do Nagrody Radia ZET im. Andrzeja Woyciechowskiego oraz Grand Press. Autor i wsp\u00f3\u0142autor publikacji antydyskryminacyjnych, m.in. \u201eJak m\u00f3wi\u0107 i pisa\u0107 o osobach LGBT+\u201d. Zwi\u0105zany z organizacjami pozarz\u0105dowymi, m.in. Fundacja Wiara i T\u0119cza oraz Lambda Warszawa.[\/vc_column_text][\/vc_column][\/vc_row]<\/p>\n<\/div>","protected":false},"excerpt":{"rendered":"<p>[vc_row][vc_column width=&#8221;1\/2&#8243;][vc_empty_space][vc_single_image image=&#8221;4401&#8243; img_size=&#8221;large&#8221;][\/vc_column][vc_column width=&#8221;1\/2&#8243;][vc_custom_heading text=&#8221;Marcin Dzier\u017canowski (jego\/on)&#8221; use_theme_fonts=&#8221;yes&#8221;][vc_separator][vc_column_text]Dziennikarz, publicysta, dzia\u0142acz antydyskryminacyjny. Redaktor prowadz\u0105cy \u201eMy Company Polska\u201d. Pomys\u0142odawca i przewodnicz\u0105cy kapitu\u0142y konkursu Polskich Nagr\u00f3d R\u00f3\u017cnorodno\u015bci. By\u0142 m.in. redaktorem naczelnym tygodnika \u201eWprost\u201d, sekretarzem redakcji \u201eNational Geographic Traveler\u201d. Tw\u00f3rca i pierwszy szef&#8230;<\/p>\n","protected":false},"author":1,"featured_media":0,"parent":0,"menu_order":0,"comment_status":"closed","ping_status":"closed","template":"","meta":{"footnotes":""},"class_list":["post-4399","page","type-page","status-publish","hentry"],"_links":{"self":[{"href":"https:\/\/roznorodnosc.pl\/index.php?rest_route=\/wp\/v2\/pages\/4399","targetHints":{"allow":["GET"]}}],"collection":[{"href":"https:\/\/roznorodnosc.pl\/index.php?rest_route=\/wp\/v2\/pages"}],"about":[{"href":"https:\/\/roznorodnosc.pl\/index.php?rest_route=\/wp\/v2\/types\/page"}],"author":[{"embeddable":true,"href":"https:\/\/roznorodnosc.pl\/index.php?rest_route=\/wp\/v2\/users\/1"}],"replies":[{"embeddable":true,"href":"https:\/\/roznorodnosc.pl\/index.php?rest_route=%2Fwp%2Fv2%2Fcomments&post=4399"}],"version-history":[{"count":4,"href":"https:\/\/roznorodnosc.pl\/index.php?rest_route=\/wp\/v2\/pages\/4399\/revisions"}],"predecessor-version":[{"id":4483,"href":"https:\/\/roznorodnosc.pl\/index.php?rest_route=\/wp\/v2\/pages\/4399\/revisions\/4483"}],"wp:attachment":[{"href":"https:\/\/roznorodnosc.pl\/index.php?rest_route=%2Fwp%2Fv2%2Fmedia&parent=4399"}],"curies":[{"name":"wp","href":"https:\/\/api.w.org\/{rel}","templated":true}]}}