{"id":4439,"date":"2024-01-31T10:37:30","date_gmt":"2024-01-31T10:37:30","guid":{"rendered":"http:\/\/ns.roznorodnosc.pl\/?page_id=4439"},"modified":"2024-03-14T09:06:31","modified_gmt":"2024-03-14T09:06:31","slug":"aleksandra-ulka","status":"publish","type":"page","link":"https:\/\/roznorodnosc.pl\/?page_id=4439","title":{"rendered":"Aleksandra Ulka"},"content":{"rendered":"<div class=\"wpb-content-wrapper\"><p>[vc_row][vc_column width=&#8221;1\/2&#8243;][vc_empty_space][vc_single_image image=&#8221;4438&#8243; img_size=&#8221;large&#8221;][\/vc_column][vc_column width=&#8221;1\/2&#8243;][vc_custom_heading text=&#8221;Aleksandra Ulka&#8221; use_theme_fonts=&#8221;yes&#8221;][vc_separator][vc_column_text]<\/p>\n<p style=\"font-weight: 400;\">Aleksandra Ulka jest ekspertk\u0105 DEI w Diversity Hub, konsultantk\u0105, trenerka, facylitatork\u0105. Specjalizuje si\u0119 w tematach neuror\u00f3\u017cnorodno\u015bci, wsp\u00f3\u0142pracy mi\u0119dzykulturowej i inkluzywnym przyw\u00f3dztwie. Kilkana\u015bcie lat funkcjonowa\u0142a w ramach struktur korporacyjnych du\u017cych organizacji (m.in. SAP, Accenture, Capgemini) gdzie zajmowa\u0142a szereg r\u00f3\u017cnych stanowisk w mi\u0119dzynarodowych projektach. Jej do\u015bwiadczenie spoza zakresu zarz\u0105dzania r\u00f3\u017cnorodno\u015bci\u0105 obejmuje m.in. tworzenie i usprawnianie proces\u00f3w HR, zarz\u0105dzanie zmian\u0105 w organizacji, prowadzenie transformacji cyfrowej i facylitacj\u0119 warsztat\u00f3w Design Thinking. Ma tytu\u0142 magistra kulturoznawstwa, licencjat z socjologii oraz certyfikaty DEI for HR i Associate CIPD HR Management i Prosci\u00aeChange Practictioner.<\/p>\n<p style=\"font-weight: 400;\">Uwielbia podr\u00f3\u017cowa\u0107 i zawsze z ogromn\u0105 ciekawo\u015bci\u0105 poznaje nowe miejsca i ludzi. Jako mama ma\u0142ej autystyki, jest ambasadork\u0105 neuror\u00f3\u017cnorodno\u015bci i uniwersalnego projektowania, kt\u00f3re sprawia, \u017ce ka\u017cdy mo\u017ce odnale\u017a\u0107 si\u0119 w danej przestrzeni, czy obszarze \u017cyciowym, niezale\u017cnie od swoich specyficznych potrzeb czy preferencji.<\/p>\n<p>[\/vc_column_text][\/vc_column][\/vc_row]<\/p>\n<\/div>","protected":false},"excerpt":{"rendered":"<p>[vc_row][vc_column width=&#8221;1\/2&#8243;][vc_empty_space][vc_single_image image=&#8221;4438&#8243; img_size=&#8221;large&#8221;][\/vc_column][vc_column width=&#8221;1\/2&#8243;][vc_custom_heading text=&#8221;Aleksandra Ulka&#8221; use_theme_fonts=&#8221;yes&#8221;][vc_separator][vc_column_text] Aleksandra Ulka jest ekspertk\u0105 DEI w Diversity Hub, konsultantk\u0105, trenerka, facylitatork\u0105. Specjalizuje si\u0119 w tematach neuror\u00f3\u017cnorodno\u015bci, wsp\u00f3\u0142pracy mi\u0119dzykulturowej i inkluzywnym przyw\u00f3dztwie. Kilkana\u015bcie lat funkcjonowa\u0142a w ramach struktur korporacyjnych du\u017cych organizacji (m.in. SAP,&#8230;<\/p>\n","protected":false},"author":1,"featured_media":0,"parent":0,"menu_order":0,"comment_status":"closed","ping_status":"closed","template":"","meta":{"footnotes":""},"class_list":["post-4439","page","type-page","status-publish","hentry"],"_links":{"self":[{"href":"https:\/\/roznorodnosc.pl\/index.php?rest_route=\/wp\/v2\/pages\/4439","targetHints":{"allow":["GET"]}}],"collection":[{"href":"https:\/\/roznorodnosc.pl\/index.php?rest_route=\/wp\/v2\/pages"}],"about":[{"href":"https:\/\/roznorodnosc.pl\/index.php?rest_route=\/wp\/v2\/types\/page"}],"author":[{"embeddable":true,"href":"https:\/\/roznorodnosc.pl\/index.php?rest_route=\/wp\/v2\/users\/1"}],"replies":[{"embeddable":true,"href":"https:\/\/roznorodnosc.pl\/index.php?rest_route=%2Fwp%2Fv2%2Fcomments&post=4439"}],"version-history":[{"count":4,"href":"https:\/\/roznorodnosc.pl\/index.php?rest_route=\/wp\/v2\/pages\/4439\/revisions"}],"predecessor-version":[{"id":4522,"href":"https:\/\/roznorodnosc.pl\/index.php?rest_route=\/wp\/v2\/pages\/4439\/revisions\/4522"}],"wp:attachment":[{"href":"https:\/\/roznorodnosc.pl\/index.php?rest_route=%2Fwp%2Fv2%2Fmedia&parent=4439"}],"curies":[{"name":"wp","href":"https:\/\/api.w.org\/{rel}","templated":true}]}}